{"id":44579,"date":"2018-11-05T08:06:49","date_gmt":"2020-11-05T09:21:19","guid":{"rendered":"https:\/\/munster.creando.net\/producto\/jakoby-nic-as-if-nothing\/"},"modified":"2021-02-23T11:42:35","modified_gmt":"2021-02-23T11:42:35","slug":"jakoby-nic-as-if-nothing","status":"publish","type":"product","link":"https:\/\/munster-records.com\/en\/producto\/jakoby-nic-as-if-nothing\/","title":{"rendered":"Jakoby Nic (As If Nothing)"},"content":{"rendered":"<p>Limited edition 7&#8243; by Marta Kubi\u0161ov\u00e1, the most popular Czechoslovak pop-jazz-soul female singer of the late 60s. Marta Kubi\u0161ov\u00e1&#8217;s last single with the Orchestr Golden Kids before her 20-years-long ban, &#8216;Jakoby nic&#8217; (&#8216;As If Nothing&#8217;) b\/w &#8216;Hare Kri\u0161na (Hare Krishna)&#8217;, was already pressed in summer 1970. But before it could have reached distribution, it was withdrawn and destroyed by the communist censors. Reportedly, only a handful of &#8220;stolen&#8221; copies may still exist. Vampisoul is reissuing this 40-year-lost psychedelic vinyl gem in remastered stereo.<\/p>\n","protected":false},"excerpt":{"rendered":"<p>First 7&#8243; releases in our Czech music series. Limited edition 7&#8243; by Marta Kubi\u0161ov\u00e1, the most popular Czechoslovak pop-jazz-soul female singer of the late 60s.<\/p>\n","protected":false},"featured_media":22761,"template":"","meta":{"_acf_changed":false},"product_brand":[],"product_cat":[254,256,257,67],"product_tag":[],"class_list":{"0":"post-44579","1":"product","2":"type-product","3":"status-publish","4":"has-post-thumbnail","6":"product_cat-funk-en","7":"product_cat-rb-en-2","8":"product_cat-soul-en-3","9":"product_cat-soul-en","10":"product_shipping_class-default","11":"pa_formato-7-en-2","13":"first","14":"outofstock","15":"purchasable","16":"product-type-variable","17":"has-default-attributes"},"acf":[],"_links":{"self":[{"href":"https:\/\/munster-records.com\/en\/wp-json\/wp\/v2\/product\/44579","targetHints":{"allow":["GET"]}}],"collection":[{"href":"https:\/\/munster-records.com\/en\/wp-json\/wp\/v2\/product"}],"about":[{"href":"https:\/\/munster-records.com\/en\/wp-json\/wp\/v2\/types\/product"}],"wp:featuredmedia":[{"embeddable":true,"href":"https:\/\/munster-records.com\/en\/wp-json\/wp\/v2\/media\/22761"}],"wp:attachment":[{"href":"https:\/\/munster-records.com\/en\/wp-json\/wp\/v2\/media?parent=44579"}],"wp:term":[{"taxonomy":"product_brand","embeddable":true,"href":"https:\/\/munster-records.com\/en\/wp-json\/wp\/v2\/product_brand?post=44579"},{"taxonomy":"product_cat","embeddable":true,"href":"https:\/\/munster-records.com\/en\/wp-json\/wp\/v2\/product_cat?post=44579"},{"taxonomy":"product_tag","embeddable":true,"href":"https:\/\/munster-records.com\/en\/wp-json\/wp\/v2\/product_tag?post=44579"}],"curies":[{"name":"wp","href":"https:\/\/api.w.org\/{rel}","templated":true}]}}