{"id":44612,"date":"2018-11-05T08:07:04","date_gmt":"2020-11-05T09:21:32","guid":{"rendered":"https:\/\/munster.creando.net\/producto\/want-more\/"},"modified":"2021-02-23T11:37:21","modified_gmt":"2021-02-23T11:37:21","slug":"want-more","status":"publish","type":"product","link":"https:\/\/munster-records.com\/en\/producto\/want-more\/","title":{"rendered":"Want More"},"content":{"rendered":"<p>En una entrevista de 1970 en Playboy, Ray Charles describi\u00f3 el soul como &#8220;gente que hace cosas desde el coraz\u00f3n&#8221;. Cuando act\u00faan y en disco, es innegable que JC Brooks &amp; The Uptown Sound son cien por cien soul. Poseedores de un sonido &#8211; Otis Redding con los Stooges como banda &#8211; que refleja el crisol de culturas de Uptown, el barrio de Chicago que les da nombre, JC Brooks &amp; The Uptown Sound hacen que la gente baile, gire y se retuerza sobre la pista, algo que se ha echado mucho de menos en la m\u00fasica en directo. En &#8220;Want More&#8221;, el arrollador Brooks interpreta con coraz\u00f3n y emoci\u00f3n cruda, apoyado por la reinterpretaci\u00f3n after-punk de James Brown y el groove de los Booker T &amp; The MGs que llevan a cabo los Uptown Sound, dando rienda suelta a m\u00fasica soul sin cortapisas, que va desde sudorosos rompepistas (&#8216;I Can See Everything&#8217;), dance-punk bailongo (el corte que da t\u00edtulo \u00e1lbum, &#8216;Want More&#8217;), petardazos de garage rock (&#8216;Baaadnews&#8217;) y sentidas baladas de R&amp;B (&#8216;To Love Someone (That Don&#8217;t Love You)&#8217;) sin perder el ritmo ni una sola vez. JC Brooks &amp; The Uptown Sound no son un grupo retro m\u00e1s; han surgido en una \u00e9poca convulsa e incierta y proponen m\u00fasica para bailar con actitud, con letras que van m\u00e1s all\u00e1 y golpean m\u00e1s fuerte que el t\u00edpico &#8220;baby, baby&#8221;. Aunque &#8220;Want More&#8221; es un gran disco, supone sobre todo un aperitivo anterior al directo del grupo. JC Brooks &amp; The Uptown Sound siempre han intentado dar m\u00e1s que un &#8220;simple concierto&#8221;, preparando un aut\u00e9ntico show con aires teatrales, toneladas de coraz\u00f3n y mucho sudor &#8211; lo llevan dentro: el guitarrista Billy Bungeroth es director en el teatro Second City de Chicago, y Brooks ha sido elogiado por sus actuaciones en la obra &#8220;Ragtime&#8221; y, m\u00e1s recientemente, en la producci\u00f3n de Chicago del premiado musical &#8220;Passing Strange&#8221; (con el resto del grupo interpretando la m\u00fasica en el escenario). Siempre trajeados, evitando ser vistos en lo que ellos describen como &#8220;ropa de calle&#8221;, el cuarteto se ve aumentado en ocasiones hasta los siete miembros, al sumarse un teclista y una secci\u00f3n de viento, igualmente elegantes. A pesar de ser un grupo relativamente joven, JC Brooks &amp; The Uptown Sound no pueden quejarse de su trayectoria hasta ahora: han colaborado con grandes nombres como Syl Johnson, Dan Bitney de Tortoise, el artista soul de culto Renaldo Domino y el ex-Impressions Nate Evans. Jeff Tweedy de Wilco conoci\u00f3 al grupo a ra\u00edz del \u00e9xito que hab\u00edan conseguido en internet con la versi\u00f3n amplificada de su tema &#8216;I Am Trying To Break Your Heart&#8217;, llegando a tocarla con ellos en el Park West de Chicago e invit\u00e1ndoles a actuar en el Wilco&#8217;s Solid Sound Festival junto a artistas como Thurston Moore de Sonic Youth y Levon Helm de The Band. Su gira espa\u00f1ola en oto\u00f1o de 2010 los present\u00f3 al p\u00fablico de este pa\u00eds, que los recibi\u00f3 entusiasmado e hizo de sus conciertos verdaderas celebraciones.<\/p>\n","protected":false},"excerpt":{"rendered":"<p>&#8220;Neo-soul glory&#8221; New York Times<\/p>\n","protected":false},"featured_media":22907,"template":"","meta":{"_acf_changed":false},"product_brand":[],"product_cat":[254,256,257,67],"product_tag":[],"class_list":{"0":"post-44612","1":"product","2":"type-product","3":"status-publish","4":"has-post-thumbnail","6":"product_cat-funk-en","7":"product_cat-rb-en-2","8":"product_cat-soul-en-3","9":"product_cat-soul-en","10":"product_shipping_class-default","11":"pa_formato-lp-en","13":"first","14":"outofstock","15":"purchasable","16":"product-type-variable","17":"has-default-attributes"},"acf":[],"_links":{"self":[{"href":"https:\/\/munster-records.com\/en\/wp-json\/wp\/v2\/product\/44612","targetHints":{"allow":["GET"]}}],"collection":[{"href":"https:\/\/munster-records.com\/en\/wp-json\/wp\/v2\/product"}],"about":[{"href":"https:\/\/munster-records.com\/en\/wp-json\/wp\/v2\/types\/product"}],"wp:featuredmedia":[{"embeddable":true,"href":"https:\/\/munster-records.com\/en\/wp-json\/wp\/v2\/media\/22907"}],"wp:attachment":[{"href":"https:\/\/munster-records.com\/en\/wp-json\/wp\/v2\/media?parent=44612"}],"wp:term":[{"taxonomy":"product_brand","embeddable":true,"href":"https:\/\/munster-records.com\/en\/wp-json\/wp\/v2\/product_brand?post=44612"},{"taxonomy":"product_cat","embeddable":true,"href":"https:\/\/munster-records.com\/en\/wp-json\/wp\/v2\/product_cat?post=44612"},{"taxonomy":"product_tag","embeddable":true,"href":"https:\/\/munster-records.com\/en\/wp-json\/wp\/v2\/product_tag?post=44612"}],"curies":[{"name":"wp","href":"https:\/\/api.w.org\/{rel}","templated":true}]}}