{"id":44632,"date":"2018-01-05T08:07:13","date_gmt":"2020-11-05T09:21:41","guid":{"rendered":"https:\/\/munster.creando.net\/producto\/la-ciudad-secreta\/"},"modified":"2021-02-23T18:50:51","modified_gmt":"2021-02-23T18:50:51","slug":"la-ciudad-secreta","status":"publish","type":"product","link":"https:\/\/munster-records.com\/en\/producto\/la-ciudad-secreta\/","title":{"rendered":"La Ciudad Secreta. Sonidos experimentales en la Barcelona pre-ol\u00edmpica 1971-1991"},"content":{"rendered":"<p>A principios y mediados de los 70 tuvo lugar en Barcelona una ins\u00f3lita eclosi\u00f3n creativa que signific\u00f3 la primera manifestaci\u00f3n de rock experimental de vanguardia conocida en territorio espa\u00f1ol. Partiendo del free jazz, pasando por el punk y la m\u00fasica industrial, y llegando hasta la electr\u00f3nica, varias generaciones de francotiradores se encargar\u00edan de afianzar una tradici\u00f3n que, consolidada en los a\u00f1os 80, todav\u00eda sobrevive en la actualidad. Gestada en el underground y tomando el relevo del rock progresivo barcelon\u00e9s de 1969-73, fue tambi\u00e9n la primera manifestaci\u00f3n de rock independiente conocida en el \u00e1mbito estatal, como demuestran el hecho de que Macromassa autoeditaran su primer disco en 1978 y la aparici\u00f3n de otros sellos independientes en Barcelona con anterioridad a la Movida madrile\u00f1a. Demasiado y demasiado pronto, todas esas rupturas pasaron factura a un movimiento que no fue tal y que obtuvo m\u00e1s repercusi\u00f3n en Francia o Estados Unidos que en Espa\u00f1a. Lo arriesgado y minoritario de sus propuestas, el car\u00e1cter herm\u00e9tico y autosuficiente de unas bandas que no persegu\u00edan el reconocimiento popular, el desinter\u00e9s institucional y el desafecto de un p\u00fablico que se dejaba llevar por los escapistas sonidos de la Transici\u00f3n y el monopolio layetano-salsero de Zeleste, condenaron a la marginalidad a ese periodo que sigue siendo ignorado por las cr\u00f3nicas oficiales a pesar de constituir el m\u00e1s creativo y transgresor de los acontecidos en el acervo cultural reciente de la ciudad de Barcelona. La Ciudad Secreta, un retrato coral en el que se entrevista a muchos de sus protagonistas, trazando al un\u00edsono un an\u00e1lisis de la degradaci\u00f3n pol\u00edtica y social de Barcelona en el periodo acaecido entre la pre-Transici\u00f3n y las Olimpiadas, se propone restituir identidad y entidad a una estimulante etapa que musicalmente puede compararse a fen\u00f3menos como el krautrock en Alemania, Canterbury en Inglaterra y la escena avant rock francesa, generador de un circuito propio, estrechamente ligado a la cultura de fanzines, radios libres y cassettes. Sumergi\u00e9ndose en las p\u00e1ginas y sonidos de esta aventura, el lector experimentar\u00e1 la misma emoci\u00f3n que pudiera embargar a un arque\u00f3logo al descubrir una civilizaci\u00f3n ignota. CD 1 (1971-1976) \/ Temas del 1-7<br \/>\nCD 2 (1976-1979) \/ Temas del 8-16<br \/>\nCD 3 (1979-1991) \/ Temas del 17-29<\/p>\n","protected":false},"excerpt":{"rendered":"<p>A principios y mediados de los 70 tuvo lugar en Barcelona una ins\u00f3lita eclosi\u00f3n creativa que signific\u00f3 la primera manifestaci\u00f3n de rock experimental de vanguardia conocida en territorio espa\u00f1ol. Partiendo del free jazz, pasando por el punk y la m\u00fasica industrial, y llegando hasta la electr\u00f3nica, varias generaciones de francotiradores se encargar\u00edan de afianzar una [&hellip;]<\/p>\n","protected":false},"featured_media":22997,"template":"","meta":{"_acf_changed":false},"product_brand":[],"product_cat":[68],"product_tag":[],"class_list":{"0":"post-44632","1":"product","2":"type-product","3":"status-publish","4":"has-post-thumbnail","6":"product_cat-experimental-en","7":"product_shipping_class-default","8":"pa_formato-libro-3cds-en","10":"first","11":"instock","12":"sale","13":"sold-individually","14":"purchasable","15":"product-type-simple"},"acf":[],"_links":{"self":[{"href":"https:\/\/munster-records.com\/en\/wp-json\/wp\/v2\/product\/44632","targetHints":{"allow":["GET"]}}],"collection":[{"href":"https:\/\/munster-records.com\/en\/wp-json\/wp\/v2\/product"}],"about":[{"href":"https:\/\/munster-records.com\/en\/wp-json\/wp\/v2\/types\/product"}],"wp:featuredmedia":[{"embeddable":true,"href":"https:\/\/munster-records.com\/en\/wp-json\/wp\/v2\/media\/22997"}],"wp:attachment":[{"href":"https:\/\/munster-records.com\/en\/wp-json\/wp\/v2\/media?parent=44632"}],"wp:term":[{"taxonomy":"product_brand","embeddable":true,"href":"https:\/\/munster-records.com\/en\/wp-json\/wp\/v2\/product_brand?post=44632"},{"taxonomy":"product_cat","embeddable":true,"href":"https:\/\/munster-records.com\/en\/wp-json\/wp\/v2\/product_cat?post=44632"},{"taxonomy":"product_tag","embeddable":true,"href":"https:\/\/munster-records.com\/en\/wp-json\/wp\/v2\/product_tag?post=44632"}],"curies":[{"name":"wp","href":"https:\/\/api.w.org\/{rel}","templated":true}]}}