{"id":44681,"date":"2017-11-05T08:07:29","date_gmt":"2020-11-05T09:22:30","guid":{"rendered":"https:\/\/munster.creando.net\/producto\/yo-fui-una-adolescente-terrosatanica\/"},"modified":"2021-02-23T10:57:15","modified_gmt":"2021-02-23T10:57:15","slug":"yo-fui-una-adolescente-terrosatanica","status":"publish","type":"product","link":"https:\/\/munster-records.com\/en\/producto\/yo-fui-una-adolescente-terrosatanica\/","title":{"rendered":"Yo fu\u00ed una adolescente terrosat\u00e1nica"},"content":{"rendered":"<p>Agrupaci\u00f3n de Garage Rock Punk Surf formada en 1996 en M\u00e9xico DF. Jenny Bombo junto con Tere Farfissa forman la banda por la cual pasaron varios cantantes, guitarristas y bajistas hasta que llegaron Suzy Vox, Jessy Bulbo (bajo y voz) y Ali Gua Gua (guitarra). Empiezan a tocar como quinteto en conciertos memorables hasta que sale Tere en 1997 y se quedan como cuarteto.<br \/>\nEn 1998 con esa alineaci\u00f3n se graba una demo en el local de ensayo con dos micr\u00f3fonos, esto se convierte en el vinilo &#8220;Yo fui una adolescente terrosatanica&#8221; (2000) una edici\u00f3n limitada de 500 copias poseedora de sonido cavern\u00edcola y mucho sentido del humor. Graban otros temas en un estudio casero y lo sacan en CD con Munster Records en 2001.<\/p>\n","protected":false},"excerpt":{"rendered":"<p>Agrupaci\u00f3n de Garage Rock Punk Surf formada en 1996 en M\u00e9xico DF. Jenny Bombo junto con Tere Farfissa forman la banda por la cual pasaron varios cantantes, guitarristas y bajistas hasta que llegaron Suzy Vox, Jessy Bulbo (bajo y voz) y Ali Gua Gua (guitarra). Empiezan a tocar como quinteto en conciertos memorables hasta que [&hellip;]<\/p>\n","protected":false},"featured_media":23281,"template":"","meta":{"_acf_changed":false},"product_brand":[],"product_cat":[241,251],"product_tag":[],"class_list":{"0":"post-44681","1":"product","2":"type-product","3":"status-publish","4":"has-post-thumbnail","6":"product_cat-garage-en-3","7":"product_cat-rockn-rool-en","8":"product_shipping_class-default","9":"pa_formato-apple-music-en","11":"first","12":"outofstock","13":"sold-individually","14":"product-type-variable","15":"has-default-attributes"},"acf":[],"_links":{"self":[{"href":"https:\/\/munster-records.com\/en\/wp-json\/wp\/v2\/product\/44681","targetHints":{"allow":["GET"]}}],"collection":[{"href":"https:\/\/munster-records.com\/en\/wp-json\/wp\/v2\/product"}],"about":[{"href":"https:\/\/munster-records.com\/en\/wp-json\/wp\/v2\/types\/product"}],"wp:featuredmedia":[{"embeddable":true,"href":"https:\/\/munster-records.com\/en\/wp-json\/wp\/v2\/media\/23281"}],"wp:attachment":[{"href":"https:\/\/munster-records.com\/en\/wp-json\/wp\/v2\/media?parent=44681"}],"wp:term":[{"taxonomy":"product_brand","embeddable":true,"href":"https:\/\/munster-records.com\/en\/wp-json\/wp\/v2\/product_brand?post=44681"},{"taxonomy":"product_cat","embeddable":true,"href":"https:\/\/munster-records.com\/en\/wp-json\/wp\/v2\/product_cat?post=44681"},{"taxonomy":"product_tag","embeddable":true,"href":"https:\/\/munster-records.com\/en\/wp-json\/wp\/v2\/product_tag?post=44681"}],"curies":[{"name":"wp","href":"https:\/\/api.w.org\/{rel}","templated":true}]}}