{"id":44733,"date":"2015-11-05T08:07:49","date_gmt":"2020-11-05T09:22:54","guid":{"rendered":"https:\/\/munster.creando.net\/producto\/usted-morira-en-su-nave-espacial\/"},"modified":"2021-02-23T10:45:46","modified_gmt":"2021-02-23T10:45:46","slug":"usted-morira-en-su-nave-espacial","status":"publish","type":"product","link":"https:\/\/munster-records.com\/en\/producto\/usted-morira-en-su-nave-espacial\/","title":{"rendered":"Usted morir\u00e1 en su nave espacial"},"content":{"rendered":"<p>Usted morir\u00e1 en su nave espacial (1994) was the second album by this popular shoegaze band from Gij\u00f3n, where they displayed their admiration for bands such as My Bloody Valentine, The Pastels or Felt.<\/p>\n","protected":false},"excerpt":{"rendered":"<p>Usted morir\u00e1 en su nave espacial (1994) was the second album by this popular shoegaze band from Gij\u00f3n, where they displayed their admiration for bands such as My Bloody Valentine, The Pastels or Felt.<\/p>\n","protected":false},"featured_media":23399,"template":"","meta":{"_acf_changed":false},"product_brand":[],"product_cat":[216,252,66],"product_tag":[],"class_list":{"0":"post-44733","1":"product","2":"type-product","3":"status-publish","4":"has-post-thumbnail","6":"product_cat-90s-en","7":"product_cat-shoegaze-en","8":"product_cat-spanish","9":"product_shipping_class-default","10":"pa_formato-apple-music-en","12":"first","13":"outofstock","14":"sold-individually","15":"product-type-variable","16":"has-default-attributes"},"acf":[],"_links":{"self":[{"href":"https:\/\/munster-records.com\/en\/wp-json\/wp\/v2\/product\/44733","targetHints":{"allow":["GET"]}}],"collection":[{"href":"https:\/\/munster-records.com\/en\/wp-json\/wp\/v2\/product"}],"about":[{"href":"https:\/\/munster-records.com\/en\/wp-json\/wp\/v2\/types\/product"}],"wp:featuredmedia":[{"embeddable":true,"href":"https:\/\/munster-records.com\/en\/wp-json\/wp\/v2\/media\/23399"}],"wp:attachment":[{"href":"https:\/\/munster-records.com\/en\/wp-json\/wp\/v2\/media?parent=44733"}],"wp:term":[{"taxonomy":"product_brand","embeddable":true,"href":"https:\/\/munster-records.com\/en\/wp-json\/wp\/v2\/product_brand?post=44733"},{"taxonomy":"product_cat","embeddable":true,"href":"https:\/\/munster-records.com\/en\/wp-json\/wp\/v2\/product_cat?post=44733"},{"taxonomy":"product_tag","embeddable":true,"href":"https:\/\/munster-records.com\/en\/wp-json\/wp\/v2\/product_tag?post=44733"}],"curies":[{"name":"wp","href":"https:\/\/api.w.org\/{rel}","templated":true}]}}