{"id":44769,"date":"2016-11-05T08:08:06","date_gmt":"2016-11-05T08:08:06","guid":{"rendered":"https:\/\/munster.creando.net\/producto\/cantame-esa-cancion-que-dice-yeah-yeah-yeah\/"},"modified":"2021-02-23T10:37:05","modified_gmt":"2021-02-23T10:37:05","slug":"cantame-esa-cancion-que-dice-yeah-yeah-yeah","status":"publish","type":"product","link":"https:\/\/munster-records.com\/en\/producto\/cantame-esa-cancion-que-dice-yeah-yeah-yeah\/","title":{"rendered":"C\u00e1ntame esa canci\u00f3n que dice, Yeah, Yeah, Yeah"},"content":{"rendered":"<p>First ever reissue of &#8220;C\u00e1ntame esa canci\u00f3n que dice, yeah, yeah, yeah&#8221; by Five or Six, one of the less heralded acts of the classic Cherry Red era. Released only in Spain in 1982, the LP contains a few cuts from their fantastic early singles and EPs but Five or Six used this opportunity to offer mostly tracks unavailable elsewhere, all displaying the diverse and immense talent of a band that should be more well known. With echoes of Wire, This Heat and Joy Division, this is one of the rarest and most outstanding records to come out of British post-punk.<\/p>\n","protected":false},"excerpt":{"rendered":"<p>Originally released only in Spain in 1982 on the Edigsa label after a string of superb early records on Cherry Red, its limited availability elsewhere has made this LP a highly sought-after item for years. A special Record Store Day release.<\/p>\n","protected":false},"featured_media":23514,"template":"","meta":{"_acf_changed":false},"product_brand":[],"product_cat":[233],"product_tag":[],"class_list":{"0":"post-44769","1":"product","2":"type-product","3":"status-publish","4":"has-post-thumbnail","6":"product_cat-post-punk-en","7":"product_shipping_class-default","8":"pa_formato-lp-en","10":"first","11":"outofstock","12":"sold-individually","13":"purchasable","14":"product-type-variable","15":"has-default-attributes"},"acf":[],"_links":{"self":[{"href":"https:\/\/munster-records.com\/en\/wp-json\/wp\/v2\/product\/44769","targetHints":{"allow":["GET"]}}],"collection":[{"href":"https:\/\/munster-records.com\/en\/wp-json\/wp\/v2\/product"}],"about":[{"href":"https:\/\/munster-records.com\/en\/wp-json\/wp\/v2\/types\/product"}],"wp:featuredmedia":[{"embeddable":true,"href":"https:\/\/munster-records.com\/en\/wp-json\/wp\/v2\/media\/23514"}],"wp:attachment":[{"href":"https:\/\/munster-records.com\/en\/wp-json\/wp\/v2\/media?parent=44769"}],"wp:term":[{"taxonomy":"product_brand","embeddable":true,"href":"https:\/\/munster-records.com\/en\/wp-json\/wp\/v2\/product_brand?post=44769"},{"taxonomy":"product_cat","embeddable":true,"href":"https:\/\/munster-records.com\/en\/wp-json\/wp\/v2\/product_cat?post=44769"},{"taxonomy":"product_tag","embeddable":true,"href":"https:\/\/munster-records.com\/en\/wp-json\/wp\/v2\/product_tag?post=44769"}],"curies":[{"name":"wp","href":"https:\/\/api.w.org\/{rel}","templated":true}]}}