{"id":44796,"date":"2018-11-05T08:08:13","date_gmt":"2020-11-05T09:23:19","guid":{"rendered":"https:\/\/munster.creando.net\/producto\/no-he-olvidado-como-jugar-enbarrado\/"},"modified":"2021-02-23T10:27:55","modified_gmt":"2021-02-23T10:27:55","slug":"no-he-olvidado-como-jugar-enbarrado","status":"publish","type":"product","link":"https:\/\/munster-records.com\/en\/producto\/no-he-olvidado-como-jugar-enbarrado\/","title":{"rendered":"No he olvidado c\u00f3mo jugar embarrado. Fiesta del diablo y el cerdo"},"content":{"rendered":"<p>It was 1985. Those brave enough to buy a ticket to subject their consciousness to images such as &#8220;Jon\u00e1s es comida de perros&#8221; (Jonah is dog food) were astonished. Not only by the animal poetry of the Madrid band&#8217;s singer. Scrap metal wasn&#8217;t a common sight on those stages. A large can sprinkled with alcohol on its surface was used as percussion. Over that menacing piece of junk hung a glass bottle, whose contact against the can stimulated a rhythm chaos loaded with grunts and violence. The band was called Mar Otra Vez. The song, &#8216;Jon\u00e1s&#8217;. Its last note was the loud noise caused by that bottle smashing against the can. Shattered to pieces. Destroying the tasteful notions of melody and colour. Confronting Madrid&#8217;s Movida (the late 70s\/early 80s countercultural movement). It was 1985. About Mar Otra Vez, the music press said they were avant-garde, innovative and cultured. Madrid&#8217;s cloying prestige during the first half of the 80s encouraged something different. All this talk about being modern had to stop. Or at least it should not be confused with media saturation. Juli\u00e1n Sanz (bass), Javier Corcobado (vocals and wind instruments), Javier Rodrigo (guitar), Luis Corchado (drums) and Andrews Wax (keyboards) possessed enough experience to front an alternative coming from the most creative experimentation. In that sense, Mar Otra Vez built on the daring experiences, two or three years earlier, of bands such as 429 Enga\u00f1os &#8211; where some of the Mar Otra Vez members had started to play with noise &#8211; or La Gran Curva, whose members had a stall at Madrid&#8217;s Rastro market where they sold recorded cassette copies of &#8220;difficult&#8221; music. An import LP was a luxury item. It&#8217;s the summer of 1983. 429 Enga\u00f1os break up. Compulsory military obligations drive them away from each other. A few months later, the army sends Corcobado, based in Tenerife, back to Spanish mainland to study topography. Being close to each other again, they decide to start a new band. They make some rehearsals, but after finishing the military service Corcobado chooses Tenerife as his residence, where he experiments with industrial composition techniques such as the &#8220;cut and paste&#8221; of magnetic tapes. He corresponds with Juli\u00e1n Sanz by letter, they exchange lyrics, sounds and theories. But Mar Otra Vez doesn&#8217;t get established. Until the GASA record label promises them a contract. It&#8217;s the end of 1984. &#8220;No he olvidado c\u00f3mo jugar embarrado&#8221; (also &#8220;Fiesta del diablo y el cerdo&#8221;) was recorded over three days in February. The band had to reduce costs, which forced them to discard some good songs such as &#8216;\u00c1mame&#8217;. But it was no big deal. Those music scores of chaos were well learned. Their young adrenaline was channelled towards a real tension, sometimes brutal, others psychological. If 429 Enga\u00f1os had been an exercise in experimentation, the first Mar Otra Vez mini-LP became an exercise in intellectual composition. Being different was the best virtue. So much that they refused to wear dishevelled dandy uniforms, in the style that their admired Nick Cave had done in his Birthday Party period, thus freeing themselves from aesthetics. The wildness of the Australian band was present. But so were New York&#8217;s no wave, jazz-rock bass lines and the most aggressive funk. It was a complete Cathecism of initiation to otherness that would yield another two records (&#8220;Edades de \u00f3xido&#8221; and &#8216;Alg\u00fan pat\u00e9 venenoso&#8221;) and which nobody in Spain would be able to match, although it would serve as template for record labels of the next decade such as Triquinoise and Por Caridad. C\u00e9sar Estabiel<\/p>\n","protected":false},"excerpt":{"rendered":"<p>Reissue of the 1985 debut mini-LP by Spanish cult band Mar Otra Vez. A groundbreaking record which shook the Spanish scene of the time with its arresting and no-holds-barred combination of no wave, post-punk, experimental rock and noise. 180g vinyl.<\/p>\n","protected":false},"featured_media":23629,"template":"","meta":{"_acf_changed":false},"product_brand":[],"product_cat":[68,188],"product_tag":[],"class_list":{"0":"post-44796","1":"product","2":"type-product","3":"status-publish","4":"has-post-thumbnail","6":"product_cat-experimental-en","7":"product_cat-no-wave-en","8":"product_shipping_class-default","9":"pa_formato-lp-en","11":"first","12":"outofstock","13":"sale","14":"sold-individually","15":"purchasable","16":"product-type-simple"},"acf":[],"_links":{"self":[{"href":"https:\/\/munster-records.com\/en\/wp-json\/wp\/v2\/product\/44796","targetHints":{"allow":["GET"]}}],"collection":[{"href":"https:\/\/munster-records.com\/en\/wp-json\/wp\/v2\/product"}],"about":[{"href":"https:\/\/munster-records.com\/en\/wp-json\/wp\/v2\/types\/product"}],"wp:featuredmedia":[{"embeddable":true,"href":"https:\/\/munster-records.com\/en\/wp-json\/wp\/v2\/media\/23629"}],"wp:attachment":[{"href":"https:\/\/munster-records.com\/en\/wp-json\/wp\/v2\/media?parent=44796"}],"wp:term":[{"taxonomy":"product_brand","embeddable":true,"href":"https:\/\/munster-records.com\/en\/wp-json\/wp\/v2\/product_brand?post=44796"},{"taxonomy":"product_cat","embeddable":true,"href":"https:\/\/munster-records.com\/en\/wp-json\/wp\/v2\/product_cat?post=44796"},{"taxonomy":"product_tag","embeddable":true,"href":"https:\/\/munster-records.com\/en\/wp-json\/wp\/v2\/product_tag?post=44796"}],"curies":[{"name":"wp","href":"https:\/\/api.w.org\/{rel}","templated":true}]}}