{"id":44798,"date":"2017-11-05T08:08:13","date_gmt":"2020-11-05T09:23:24","guid":{"rendered":"https:\/\/munster.creando.net\/producto\/desarrollos-geometricos\/"},"modified":"2021-02-23T10:27:54","modified_gmt":"2021-02-23T10:27:54","slug":"desarrollos-geometricos","status":"publish","type":"product","link":"https:\/\/munster-records.com\/en\/producto\/desarrollos-geometricos\/","title":{"rendered":"Desarrollos Geom\u00e9tricos"},"content":{"rendered":"<p>Desarrollos Geom\u00e9tricos (Geometric Developments) is the new album by Esplendor Geom\u00e9trico. Recorded during 2010 and 2011, a few of its tracks have already been premiered in Esplendor&#8217;s latest performances in Europe. E.G. has developed a unique and personal style that has influenced many groups and is increasingly moving away from the clich\u00e9s of Industrial Music. Arturo Lanz, who heads the group, thinks that they can no longer be labeled as industrial. Our music is deep, powerful, primitive and hypnotic, using electronic instruments and new technologies, says Lanz. Desarrollos Geom\u00e9tricos follows in the steps of their previous and impressive album Pulsi\u00f3n (2009), which was recently remixed (Re-Pulsi\u00f3n. 10) by renowned musicians such as Frank Bretschneider , Andreas Tilliander, or Atom TM. Repetitive and mechanic electronic rhythms are intermingled with recordings of voices, shouts, samples from traditional oriental music, percussions&#8230; Some tracks induce a kind of trance and you won&#8217;t be able to stop listening them over and over again. The limited vinyl edition version (700 copies numbered) includes six tracks (three of them exclusive for this format).<\/p>\n","protected":false},"excerpt":{"rendered":"<p>The limited vinyl edition version (700 copies numbered) includes six tracks (three of them exclusive for this format).<\/p>\n","protected":false},"featured_media":23637,"template":"","meta":{"_acf_changed":false},"product_brand":[],"product_cat":[68,187],"product_tag":[],"class_list":{"0":"post-44798","1":"product","2":"type-product","3":"status-publish","4":"has-post-thumbnail","6":"product_cat-experimental-en","7":"product_cat-industrial-en","8":"product_shipping_class-default","9":"pa_formato-lp-en","11":"first","12":"outofstock","13":"sold-individually","14":"purchasable","15":"product-type-variable","16":"has-default-attributes"},"acf":[],"_links":{"self":[{"href":"https:\/\/munster-records.com\/en\/wp-json\/wp\/v2\/product\/44798","targetHints":{"allow":["GET"]}}],"collection":[{"href":"https:\/\/munster-records.com\/en\/wp-json\/wp\/v2\/product"}],"about":[{"href":"https:\/\/munster-records.com\/en\/wp-json\/wp\/v2\/types\/product"}],"wp:featuredmedia":[{"embeddable":true,"href":"https:\/\/munster-records.com\/en\/wp-json\/wp\/v2\/media\/23637"}],"wp:attachment":[{"href":"https:\/\/munster-records.com\/en\/wp-json\/wp\/v2\/media?parent=44798"}],"wp:term":[{"taxonomy":"product_brand","embeddable":true,"href":"https:\/\/munster-records.com\/en\/wp-json\/wp\/v2\/product_brand?post=44798"},{"taxonomy":"product_cat","embeddable":true,"href":"https:\/\/munster-records.com\/en\/wp-json\/wp\/v2\/product_cat?post=44798"},{"taxonomy":"product_tag","embeddable":true,"href":"https:\/\/munster-records.com\/en\/wp-json\/wp\/v2\/product_tag?post=44798"}],"curies":[{"name":"wp","href":"https:\/\/api.w.org\/{rel}","templated":true}]}}