{"id":44806,"date":"2017-11-05T08:08:13","date_gmt":"2020-11-05T09:23:24","guid":{"rendered":"https:\/\/munster.creando.net\/producto\/ultraphoon\/"},"modified":"2021-02-23T10:27:46","modified_gmt":"2021-02-23T10:27:46","slug":"ultraphoon","status":"publish","type":"product","link":"https:\/\/munster-records.com\/en\/producto\/ultraphoon\/","title":{"rendered":"Ultraphoon"},"content":{"rendered":"<p>Recorded in Madrid and Rome during 2013, this is the new album by the influential electronic duo ranked as industrial music pioneers. Ultraphoon is a leap ahead as for production and sound quality, with a stunning and brutal outcome, richly detailed nonetheless. Rhythms, noises and processed voices from different sources come together in hypnotic \u2013bordering on trance\u2013 soundscapes along the lines of previous releases such as Pulsi\u00f3n (2009) and Desarrollos Geom\u00e9tricos (2011). Most of the meticulous mastering process has been carried out by Francisco L\u00f3pez, internationally renowned as one of the top sound art and experimental music personalities, giving a new twist to the usual E.G. sound. The double vinyl version master also sees the collaboration of Teho Teardo, the prestigious italian musician, composer and sound designer. The double vinyl is comprised of 13 tracks, 3 of them exclusive for this format.<\/p>\n","protected":false},"excerpt":{"rendered":"<p>The double vinyl version master also sees the collaboration of Teho Teardo, the prestigious italian musician, composer and sound designer. The double vinyl is comprised of 13 tracks, 3 of them exclusive for this format. Doble LP. Limited and numbered edition 700 copies.<\/p>\n","protected":false},"featured_media":23658,"template":"","meta":{"_acf_changed":false},"product_brand":[],"product_cat":[68,187],"product_tag":[],"class_list":{"0":"post-44806","1":"product","2":"type-product","3":"status-publish","4":"has-post-thumbnail","6":"product_cat-experimental-en","7":"product_cat-industrial-en","8":"product_shipping_class-default","9":"pa_formato-2lp-en","11":"first","12":"outofstock","13":"sold-individually","14":"purchasable","15":"product-type-variable","16":"has-default-attributes"},"acf":[],"_links":{"self":[{"href":"https:\/\/munster-records.com\/en\/wp-json\/wp\/v2\/product\/44806","targetHints":{"allow":["GET"]}}],"collection":[{"href":"https:\/\/munster-records.com\/en\/wp-json\/wp\/v2\/product"}],"about":[{"href":"https:\/\/munster-records.com\/en\/wp-json\/wp\/v2\/types\/product"}],"wp:featuredmedia":[{"embeddable":true,"href":"https:\/\/munster-records.com\/en\/wp-json\/wp\/v2\/media\/23658"}],"wp:attachment":[{"href":"https:\/\/munster-records.com\/en\/wp-json\/wp\/v2\/media?parent=44806"}],"wp:term":[{"taxonomy":"product_brand","embeddable":true,"href":"https:\/\/munster-records.com\/en\/wp-json\/wp\/v2\/product_brand?post=44806"},{"taxonomy":"product_cat","embeddable":true,"href":"https:\/\/munster-records.com\/en\/wp-json\/wp\/v2\/product_cat?post=44806"},{"taxonomy":"product_tag","embeddable":true,"href":"https:\/\/munster-records.com\/en\/wp-json\/wp\/v2\/product_tag?post=44806"}],"curies":[{"name":"wp","href":"https:\/\/api.w.org\/{rel}","templated":true}]}}