{"id":44872,"date":"2018-11-05T08:08:44","date_gmt":"2020-11-05T09:23:54","guid":{"rendered":"https:\/\/munster.creando.net\/producto\/fungus-cerebri\/"},"modified":"2021-02-23T18:44:28","modified_gmt":"2021-02-23T18:44:28","slug":"fungus-cerebri","status":"publish","type":"product","link":"https:\/\/munster-records.com\/en\/producto\/fungus-cerebri\/","title":{"rendered":"Fungus Cerebri"},"content":{"rendered":"<p>Fungus Cerebri (Selected Tracks From Cassettes 1981-1989) is a double LP in gatefold sleeve which includes a selection of tracks by Esplendor Geom\u00e9trico originally released on cassette, recorded between 1981-1989. They have been remastered from the original tapes for this edition. The 16 tracks are taken from Sinn &amp; Form cassette compilation (Daterverarbeitung 1982), En directo Madrid y Tolosa (EGK 1987, cassette), Esplendor Geom\u00e9trico en Roma (EGK 1986, cassette), Madrid Mayo 89 (L\u00ednea Alternativa 1990, cassette), and Diez a\u00f1os de Esplendor (L\u00ednea Alternativa 1991, double cassette). The 80s are a period particularly appreciated by the followers of this cult band, pioneers of the more rhythmic strain of industrial music. Minimalism, raw and harsh analogue electronica, distortion, Arabic sounds, shortwave radio recordings&#8230; are typical elements of their style during this first period of Esplendor Geom\u00e9trico, when they achieved a sound ahead of its time which is still imitated nowadays. Esplendor Geom\u00e9trico were always very present within the 80s international scene of underground cassette labels. This double LP is the first one of a series dedicated to this movement in Spain, still very unknown despite its activity at the time, with dozens of labels operating from different cities. Artwork by Juan Carlos Sastre, founding member of Esplendor Geom\u00e9trico. Track selection by Andr\u00e9s Noarbe, the band&#8217;s manager since their beginnings in 1980 and director of Geometrik Records.<\/p>\n","protected":false},"excerpt":{"rendered":"<p>Gatefold Double LP. Limited Edition 700 copies. Artwork by Juan Carlos Sastre, founding member of Esplendor Geom\u00e9trico. Track selection by Andr\u00e9s Noarbe, the band&#8217;s manager since their beginnings in 1980 and director of Geometrik Records.<\/p>\n","protected":false},"featured_media":23941,"template":"","meta":{"_acf_changed":false},"product_brand":[],"product_cat":[68,187],"product_tag":[],"class_list":{"0":"post-44872","1":"product","2":"type-product","3":"status-publish","4":"has-post-thumbnail","6":"product_cat-experimental-en","7":"product_cat-industrial-en","8":"product_shipping_class-default","9":"pa_formato-2lp-en","11":"first","12":"outofstock","13":"sale","14":"purchasable","15":"product-type-simple"},"acf":[],"_links":{"self":[{"href":"https:\/\/munster-records.com\/en\/wp-json\/wp\/v2\/product\/44872","targetHints":{"allow":["GET"]}}],"collection":[{"href":"https:\/\/munster-records.com\/en\/wp-json\/wp\/v2\/product"}],"about":[{"href":"https:\/\/munster-records.com\/en\/wp-json\/wp\/v2\/types\/product"}],"wp:featuredmedia":[{"embeddable":true,"href":"https:\/\/munster-records.com\/en\/wp-json\/wp\/v2\/media\/23941"}],"wp:attachment":[{"href":"https:\/\/munster-records.com\/en\/wp-json\/wp\/v2\/media?parent=44872"}],"wp:term":[{"taxonomy":"product_brand","embeddable":true,"href":"https:\/\/munster-records.com\/en\/wp-json\/wp\/v2\/product_brand?post=44872"},{"taxonomy":"product_cat","embeddable":true,"href":"https:\/\/munster-records.com\/en\/wp-json\/wp\/v2\/product_cat?post=44872"},{"taxonomy":"product_tag","embeddable":true,"href":"https:\/\/munster-records.com\/en\/wp-json\/wp\/v2\/product_tag?post=44872"}],"curies":[{"name":"wp","href":"https:\/\/api.w.org\/{rel}","templated":true}]}}