{"id":44878,"date":"2018-11-05T08:08:44","date_gmt":"2020-11-05T09:23:59","guid":{"rendered":"https:\/\/munster.creando.net\/producto\/fluida-mekaniko\/"},"modified":"2021-02-23T10:16:03","modified_gmt":"2021-02-23T10:16:03","slug":"fluida-mekaniko","status":"publish","type":"product","link":"https:\/\/munster-records.com\/en\/producto\/fluida-mekaniko\/","title":{"rendered":"Fluida Mekaniko"},"content":{"rendered":"<p>The cult band based in Madrid and Rome, influential industrial pioneers of the pulsating, hypnotic and tribal rhythms since 1980, presents new album: Fluida Mekaniko. Since its previous album &#8220;Ultraphoon&#8221; (2013), Esplendor Geom\u00e9trico has performed more frequently than ever during these last two years in different countries and festivals (2016 for the first time in the US and Russia), while there was a documentary feature film about the group launched in Madrid, Geometr\u00eda del Esplendor, directed by a renowned Spanish director within the avant-garde cinema, Jos\u00e9 Ram\u00f3n da Cruz. The film has just been premiered at the prestigious In-Edit festival in Barcelona, receiving an honorary award. Fluida Mekaniko has been recorded during 2016 and contains 12 new tracks that, although they continue the line developed since Pulsi\u00f3n (2009), we also find here references to their most harsh and noisy sound of the 90s. Industrial Neo-tribalism where mechanical rhythms hypnotize, like mantras, inducing the trance. It highlights, already a distinctive feature of E.G., the inclusion of voices and sonorities of African, Arab and Asian music.<\/p>\n","protected":false},"excerpt":{"rendered":"<p>Double LP: Limited and numbered edition 700 copies.<\/p>\n","protected":false},"featured_media":23961,"template":"","meta":{"_acf_changed":false},"product_brand":[],"product_cat":[68,187],"product_tag":[],"class_list":{"0":"post-44878","1":"product","2":"type-product","3":"status-publish","4":"has-post-thumbnail","6":"product_cat-experimental-en","7":"product_cat-industrial-en","8":"product_shipping_class-default","9":"pa_formato-2lp-en","11":"first","12":"instock","13":"sale","14":"purchasable","15":"product-type-simple"},"acf":[],"_links":{"self":[{"href":"https:\/\/munster-records.com\/en\/wp-json\/wp\/v2\/product\/44878","targetHints":{"allow":["GET"]}}],"collection":[{"href":"https:\/\/munster-records.com\/en\/wp-json\/wp\/v2\/product"}],"about":[{"href":"https:\/\/munster-records.com\/en\/wp-json\/wp\/v2\/types\/product"}],"wp:featuredmedia":[{"embeddable":true,"href":"https:\/\/munster-records.com\/en\/wp-json\/wp\/v2\/media\/23961"}],"wp:attachment":[{"href":"https:\/\/munster-records.com\/en\/wp-json\/wp\/v2\/media?parent=44878"}],"wp:term":[{"taxonomy":"product_brand","embeddable":true,"href":"https:\/\/munster-records.com\/en\/wp-json\/wp\/v2\/product_brand?post=44878"},{"taxonomy":"product_cat","embeddable":true,"href":"https:\/\/munster-records.com\/en\/wp-json\/wp\/v2\/product_cat?post=44878"},{"taxonomy":"product_tag","embeddable":true,"href":"https:\/\/munster-records.com\/en\/wp-json\/wp\/v2\/product_tag?post=44878"}],"curies":[{"name":"wp","href":"https:\/\/api.w.org\/{rel}","templated":true}]}}