{"id":44884,"date":"2018-11-05T08:08:44","date_gmt":"2020-11-05T09:23:59","guid":{"rendered":"https:\/\/munster.creando.net\/producto\/canabrava\/"},"modified":"2021-02-23T10:16:06","modified_gmt":"2021-02-23T10:16:06","slug":"canabrava","status":"publish","type":"product","link":"https:\/\/munster-records.com\/en\/producto\/canabrava\/","title":{"rendered":"Ca\u00f1abrava"},"content":{"rendered":"<p>Combo Los Yogas was a short-lived early Colombian salsa band from Medell\u00edn directed and arranged by An\u00edbal Jos\u00e9 \u00c1ngel Echeverri, the famous antioque\u00f1o keyboardist known as An\u00edbal \u00c1ngel or simply An\u00e1n. An\u00e1n studied arranging and composition at the famed Manhattan School of Music in New York, had many of his own songs become hits over the years, founded the raspa gallega band Los Teen-Agers (&#8220;raspa&#8221; or &#8220;gallega&#8221; denotes combos that played tropical Afro-Colombian coastal music but were from the whiter interior) in 1958, and recorded with Discos Fuentes starting in 1965, so he was already an established musician on the scene by the time he founded this oddly named combo. With the influence of New York&#8217;s burgeoning young Latin scene being absorbed by certain sectors of the youth in South America at the end of the 1960s, An\u00edbal \u00c1ngel must have felt the urge to join the fray, so in 1968 he founded Los Yogas to explore this new phenomenon from the north. Employing Barranquilla native Johnny Mor\u00e9 as his lead vocalist (Mor\u00e9, who claimed to be related to Cuba&#8217;s Beny Mor\u00e9, also worked with the Conjunto\/Sexteto Miramar and Rafael Ben\u00edtez as well as pianist Joe Madrid) and a full combo with trumpet, trombone, congas and timbales, Los Yogas recorded a fantastic collection of cover tunes in the guaguanc\u00f3, son, guajira, descarga and cha-cha-ch\u00e1 rhythms. The sound here is very raw and hard, something that makes this obscure Discos Fuentes record a sought after collector&#8217;s item. Taking their cue from the New York scene, Los Yogas cover Larry Harlow&#8217;s arrangement of &#8216;Coco May May&#8217; (itself a cover of an old Cuban classic) and &#8216;Baj\u00e1ndote&#8217; from Orquesta Harlow&#8217;s 1967 album of the same name, as well as a fabulous version of Puerto Rican singer\/songwriter Chivirico Davila&#8217;s &#8216;Montuno Pa&#8217; Caridad&#8217; from Joe Cotto&#8217;s classic early 1960s album &#8220;El magn\u00edfico&#8221;. Sprinkled throughout are heavy versions of Cheo Marquetti&#8217;s son cubano classics &#8216;Que no muera el son&#8217;, &#8216;Caramelo a kilo&#8217; and &#8216;Apri\u00e9tala en el rinc\u00f3n&#8217;, all tunes heavily influential on Fania co-founder and musical director Johnny Pacheco. Venezuelan sax player and New York transplant Juan &#8220;Johnny&#8221; Sedes&#8217; composition &#8216;Aqu\u00ed y all\u00e1&#8217; (from his 1967 Met Rico LP &#8220;Presentando a Juan Sedes y su Orquesta con Vit\u00edn L\u00f3pez, El Cantante de la Salsa&#8221;), which is the first US-made record (and song) to reference salsa as a category of music, became a hit in Colombia for Los Yogas when they covered it, as did the title tune &#8216;Ca\u00f1abrava&#8217; by Mexican composer Paco Chanona and the album&#8217;s sultry closer, the guajira descarga &#8216;Oye mira&#8217; (originally done in 1965 by Pete Rodr\u00edguez y su Conjunto La Magn\u00edfica). Despite being a record with no originals, &#8220;Ca\u00f1abrava&#8221; holds up magnificently due to the inherent quality and execution of its repertoire, providing a wonderful snapshot of the influences and early development of the genre of salsa in 1960s Colombia, a country where this music would take root like no other and become a national obsession in the following decades. Pablo Yglesias aka DJ Bongohead<\/p>\n","protected":false},"excerpt":{"rendered":"<p>Combo Los Yogas was a short-lived early Colombian salsa band from Medell\u00edn directed and arranged by An\u00edbal Jos\u00e9 \u00c1ngel Echeverri, the famous antioque\u00f1o keyboardist known as An\u00edbal \u00c1ngel or simply An\u00e1n. Employing Barranquilla native Johnny Mor\u00e9 as his lead vocalist and a full combo with trumpet, trombone, congas and timbales, Los Yogas recorded a fantastic collection of cover tunes in the guaguanc\u00f3, son, guajira, descarga, and cha-cha-ch\u00e1 rhythms. The sound is very raw and hard, something that makes this obscure 1968 Discos Fuentes record a sought-after collector&#8217;s item. Thanks to the inherent quality and execution of its repertoire, &#8220;Ca\u00f1abrava&#8221; provides a wonderful snapshot of the influences and early development of the genre of salsa in 1960s Colombia. Presented in facsimile artwork and pressed on 180g vinyl. Over the past few years we have been fortunate to work with Discos Fuentes on several projects compiled from their rich catalogue, and we are continuing our collaboration with the legendary Colombian label with a series of facsimile reissues of classic Fuentes LPs. The upcoming months will bring new pressings of albums by Fruko y sus Tesos, Lisandro Meza y su Conjunto, Peregoyo y su Combo Vacan\u00e1, Pedro Laza y sus Pelayeros and many more&#8230;<\/p>\n","protected":false},"featured_media":23975,"template":"","meta":{"_acf_changed":false},"product_brand":[],"product_cat":[195,193,206],"product_tag":[],"class_list":{"0":"post-44884","1":"product","2":"type-product","3":"status-publish","4":"has-post-thumbnail","6":"product_cat-colombia-en","7":"product_cat-latin-en","8":"product_cat-salsa-en","9":"product_shipping_class-default","10":"pa_formato-lp-en","12":"first","13":"outofstock","14":"sale","15":"purchasable","16":"product-type-variable","17":"has-default-attributes"},"acf":[],"_links":{"self":[{"href":"https:\/\/munster-records.com\/en\/wp-json\/wp\/v2\/product\/44884","targetHints":{"allow":["GET"]}}],"collection":[{"href":"https:\/\/munster-records.com\/en\/wp-json\/wp\/v2\/product"}],"about":[{"href":"https:\/\/munster-records.com\/en\/wp-json\/wp\/v2\/types\/product"}],"wp:featuredmedia":[{"embeddable":true,"href":"https:\/\/munster-records.com\/en\/wp-json\/wp\/v2\/media\/23975"}],"wp:attachment":[{"href":"https:\/\/munster-records.com\/en\/wp-json\/wp\/v2\/media?parent=44884"}],"wp:term":[{"taxonomy":"product_brand","embeddable":true,"href":"https:\/\/munster-records.com\/en\/wp-json\/wp\/v2\/product_brand?post=44884"},{"taxonomy":"product_cat","embeddable":true,"href":"https:\/\/munster-records.com\/en\/wp-json\/wp\/v2\/product_cat?post=44884"},{"taxonomy":"product_tag","embeddable":true,"href":"https:\/\/munster-records.com\/en\/wp-json\/wp\/v2\/product_tag?post=44884"}],"curies":[{"name":"wp","href":"https:\/\/api.w.org\/{rel}","templated":true}]}}