{"id":44923,"date":"2018-11-05T08:08:58","date_gmt":"2020-11-05T09:24:20","guid":{"rendered":"https:\/\/munster.creando.net\/producto\/los-chicos-malos\/"},"modified":"2021-02-23T10:07:45","modified_gmt":"2021-02-23T10:07:45","slug":"los-chicos-malos","status":"publish","type":"product","link":"https:\/\/munster-records.com\/en\/producto\/los-chicos-malos\/","title":{"rendered":"Los Chicos Malos"},"content":{"rendered":"<p>Los Chicos Malos was a short-lived Colombian super group of sorts from Cartagena with acclaimed pianist and composer V\u00edctor M El Nene del Real as orchestra director and arranger. Vocals were shared by John Jairo Murillo and V\u00edctor Mel\u00e9ndez, both known for their work with The Latin Brothers, a popular Discos Fuentes band that El Nene had collaborated with previously as well. The three also worked with V\u00edctor del Real&#8217;s close childhood friend Joe Arroyo and his orchestra La Verdad during the 1980s, while El Nene had written and arranged for Michi Sarmiento in the 1970s and Adolfo Echeverr\u00eda in the early 80s, later going on to found El Nene y Sus Traviesos in the 1990s. After Los Chicos Malos, Jairo founded and led Orquesta Libertad in the later half of the 1980s. The sole Los Chicos Malos long-playing album was produced by the legendary Mario Rinc\u00f3n and released in March 1980. The record features a range of tropical dance floor bangers that include fan favorites like &#8216;Los chicos en salsa and &#8216;Con gusto y con gana&#8217; plus the killer cut &#8216;Pobre soy yo&#8217; with a smoking piano solo by El Nene. Four earlier Chicos Malos recordings came out on a various artists compilation, Guerra de ritmos, on the Fuentes subsidiary imprint De Lujo. These tracks are equally impressive but were a lot less polished, being produced by pianist Roberto de la Barrera and featuring a different singer, El Guachi Mel\u00e9ndez, while El Nene played electric piano for the recording date. In a way, the style heard on the later Los Chicos Malos long play was not much different than The Latin Brothers in that it deployed an irresistible mix of uncompromisingly hard salsa and cumbia infused with infectiously happy melodies punctuated by a distinctive double-trombone attack inspired by the Nuyorican street sound of Willie Col\u00f3n. The record also aimed its sights at the Venezuelan market with the tune &#8216;Viajera&#8217; and the coste\u00f1o home crowd with the two merengue colombianas &#8216;La carest\u00eda&#8217; and Ritmo con la punta del pie&#8217; plus the cumbel\u00e9 &#8216;El hombre aquel&#8217; and the cumbia anthem &#8216;Cumbia y mechones&#8217;. Don&#8217;t let the childishly silly album cover of Los Chicos Malos fool you, this record is a monster in sheep&#8217;s clothing. Just as uncompromisingly hard sounding as Fruko y sus Tesos and The Latin Brothers&#8217; recorded output, it is stuffed with lots of mid-tempo numbers propelled by a stripped down sound. This forgotten gem is perfect for the DJ and dancer alike. In the classic Fuentes assembly-line production style of the time, you can hear the distinctive voice of Joe Arroyo on coro (chorus), and there are many other musicians from the label&#8217;s studio stable featured as well. For some reason the record was not originally pressed in great numbers, making it scarce and consequently a highly sought-after collector&#8217;s item. Reissuing this important yet lesser-known release (with remastered sound taken directly from the tapes) will make it available to a larger audience and will thankfully restore it to its deserved position as one of the best later Fuentes salsa brava classics. As the coro sings, <em>Ven a bailar con Los Chicos Malos!<\/em> Pablo Yglesias aka DJ Bongohead<\/p>\n","protected":false},"excerpt":{"rendered":"<p class=\"MsoNormal\"><span style=\"font-size: 8.0pt; font-family: 'Arial',sans-serif; mso-ansi-language: EN-GB;\">First ever reissue of the sole long-playing album by Colombia&#8217;s Los Chicos Malos, originally released by Discos Fuentes in 1980.<\/span><\/p>\n<p class=\"MsoNormal\"><span style=\"font-family: Arial, sans-serif; font-size: 8pt;\">Produced by the legendary Mario Rinc\u00f3n, this highly sought-after LP is an irresistible mix of uncompromisingly hard salsa and cumbia infused with infectiously happy melodies punctuated by a distinctive double-trombone attack inspired by the Nuyorican street sound of Willie Col\u00f3n.<\/span><\/p>\n","protected":false},"featured_media":24126,"template":"","meta":{"_acf_changed":false},"product_brand":[],"product_cat":[195,193,206],"product_tag":[],"class_list":{"0":"post-44923","1":"product","2":"type-product","3":"status-publish","4":"has-post-thumbnail","6":"product_cat-colombia-en","7":"product_cat-latin-en","8":"product_cat-salsa-en","9":"product_shipping_class-default","10":"pa_formato-lp-en","12":"first","13":"outofstock","14":"purchasable","15":"product-type-simple"},"acf":[],"_links":{"self":[{"href":"https:\/\/munster-records.com\/en\/wp-json\/wp\/v2\/product\/44923","targetHints":{"allow":["GET"]}}],"collection":[{"href":"https:\/\/munster-records.com\/en\/wp-json\/wp\/v2\/product"}],"about":[{"href":"https:\/\/munster-records.com\/en\/wp-json\/wp\/v2\/types\/product"}],"wp:featuredmedia":[{"embeddable":true,"href":"https:\/\/munster-records.com\/en\/wp-json\/wp\/v2\/media\/24126"}],"wp:attachment":[{"href":"https:\/\/munster-records.com\/en\/wp-json\/wp\/v2\/media?parent=44923"}],"wp:term":[{"taxonomy":"product_brand","embeddable":true,"href":"https:\/\/munster-records.com\/en\/wp-json\/wp\/v2\/product_brand?post=44923"},{"taxonomy":"product_cat","embeddable":true,"href":"https:\/\/munster-records.com\/en\/wp-json\/wp\/v2\/product_cat?post=44923"},{"taxonomy":"product_tag","embeddable":true,"href":"https:\/\/munster-records.com\/en\/wp-json\/wp\/v2\/product_tag?post=44923"}],"curies":[{"name":"wp","href":"https:\/\/api.w.org\/{rel}","templated":true}]}}