{"id":45024,"date":"2020-08-05T08:09:34","date_gmt":"2020-11-05T09:25:06","guid":{"rendered":"https:\/\/munster.creando.net\/producto\/juan-pina-con-la-revelacion\/"},"modified":"2020-12-13T10:21:58","modified_gmt":"2020-12-13T10:21:58","slug":"juan-pina-con-la-revelacion","status":"publish","type":"product","link":"https:\/\/munster-records.com\/en\/producto\/juan-pina-con-la-revelacion\/","title":{"rendered":"Juan Pi\u00f1a Con La Revelaci\u00f3n"},"content":{"rendered":"<p>At the age of 24, Juan Pi\u00f1a formed the eight-piece La Revelaci\u00f3n with his brother Carlos, releasing their first album in 1975 on Discos Zeida. This self-titled debut LP of Pi\u00f1a with his group is something of an anomaly in his discography as subsequent albums would feature a different sound and concentrated almost exclusively on Colombian coastal Caribbean and &#8216;sabanero&#8217; genres. Although Juan Pi\u00f1a&#8217;s debut record never made much of a splash, it is an excellent little slice of Colombian mid-70&#8217;s madness, with a very diverse sound. An interesting and joyful sounding mix of New York style salsa, Cuban son montuno and guajira with Colombian tropical flavors, the simple, spare arrangements featured electric guitar, piano, Latin percussion, two trumpets, occasional sax, and Juan sang lead while Carlos backed him on chorus. It also sounds like Joe Arroyo may have done &#8216;coro&#8217; chores on Juan Pi\u00f1a Con La Revelaci\u00f3n (Arroyo was a very close friend of Juan and sang chorus on several Revelaci\u00f3n albums). This album is hard to find in the original edition, but collectors in the know treasure it for its two hot salsa tunes (&#8216;Negro con salsa&#8217; and &#8216;Chana&#8217;, both written by famous Chocoano composer and vocalist Alfonso C\u00f3rdoba El Brujo) as well as producer Rafael Mejia&#8217;s salsa guajira &#8216;Hogar campesino&#8217; and the genius rendition of the Peruvian classic &#8216;Virgines del sol&#8217;. A beautiful and mature sounding work for the relatively young Juan Pi\u00f1a and his crew, and well-worth rediscovery by today&#8217;s Colombian music enthusiasts. Pablo E Yglesias, DJ Bongohead of Peace &amp; Rhythm<\/p>\n","protected":false},"excerpt":{"rendered":"<p>Juan Pi\u00f1a Con La Revelaci\u00f3n is the debut album of this Colombian artist and his eight-piece band, originally released in 1975 on Discos Zeida. An excellent little slice of Colombian mid-70&#8217;s madness, with an interesting and joyful sounding mix of New York style salsa, Cuban son montuno and guajira with Colombian tropical flavors. Includes the two hot salsa tunes &#8216;Negro con salsa&#8217; and &#8216;Chana&#8217; as well as the salsa guajira &#8216;Hogar campesino&#8217;. This hard to find album is now reissued for the first time, pressed on 180g vinyl and presented in its original artwork.<\/p>\n","protected":false},"featured_media":24608,"template":"","meta":{"_acf_changed":false},"product_brand":[],"product_cat":[195,193,206],"product_tag":[],"class_list":{"0":"post-45024","1":"product","2":"type-product","3":"status-publish","4":"has-post-thumbnail","6":"product_cat-colombia-en","7":"product_cat-latin-en","8":"product_cat-salsa-en","9":"product_shipping_class-default","10":"pa_formato-lp-en","12":"first","13":"outofstock","14":"purchasable","15":"product-type-simple"},"acf":[],"_links":{"self":[{"href":"https:\/\/munster-records.com\/en\/wp-json\/wp\/v2\/product\/45024","targetHints":{"allow":["GET"]}}],"collection":[{"href":"https:\/\/munster-records.com\/en\/wp-json\/wp\/v2\/product"}],"about":[{"href":"https:\/\/munster-records.com\/en\/wp-json\/wp\/v2\/types\/product"}],"wp:featuredmedia":[{"embeddable":true,"href":"https:\/\/munster-records.com\/en\/wp-json\/wp\/v2\/media\/24608"}],"wp:attachment":[{"href":"https:\/\/munster-records.com\/en\/wp-json\/wp\/v2\/media?parent=45024"}],"wp:term":[{"taxonomy":"product_brand","embeddable":true,"href":"https:\/\/munster-records.com\/en\/wp-json\/wp\/v2\/product_brand?post=45024"},{"taxonomy":"product_cat","embeddable":true,"href":"https:\/\/munster-records.com\/en\/wp-json\/wp\/v2\/product_cat?post=45024"},{"taxonomy":"product_tag","embeddable":true,"href":"https:\/\/munster-records.com\/en\/wp-json\/wp\/v2\/product_tag?post=45024"}],"curies":[{"name":"wp","href":"https:\/\/api.w.org\/{rel}","templated":true}]}}