{"id":45495,"date":"2020-12-04T15:49:18","date_gmt":"2020-12-04T15:49:18","guid":{"rendered":"https:\/\/munster.creando.net\/?post_type=product&#038;p=45495"},"modified":"2026-02-06T23:07:06","modified_gmt":"2026-02-06T23:07:06","slug":"lo-que-tengo","status":"publish","type":"product","link":"https:\/\/munster-records.com\/en\/producto\/lo-que-tengo\/","title":{"rendered":"Lo que tengo"},"content":{"rendered":"<p>Alfredo \u201cEl Inca\u201d Linares es uno de los m\u00e1s admirados y mejores m\u00fasicos en la historia de la salsa. A sus seguidores les encantan sus formas al piano por su aut\u00e9ntico toque cubano y su swing combinados con arreglos modernos y fraseos que traen a la cabeza el nombre de Eddie Palmieri. Como compositor, arreglista y l\u00edder de banda, Linares es tambi\u00e9n muy respetado. Ya desde los comienzos de su carrera, en el Lima, Per\u00fa, de los a\u00f1os 60, sus discos han sido redondos, tocados con fuerza y solidez, lo que los salseros llaman<em> salsa brava con afinque<\/em>.<\/p>\n<p>No es de extra\u00f1ar que \u201cLo que tengo\u201d sea exactamente eso: un disco s\u00f3lido como una roca, repleto de temas llenapistas, sin relleno, tocado con br\u00edo y estilo. A diferencia de algunos de sus otros \u00e1lbumes, alicatados a base de sesiones diferentes grabadas en estudios distintos (incluso a veces en pa\u00edses diversos), este disco tiene la ventaja de haber sido grabado, producido y mezclado por Alfredo Linares en un \u00fanico estudio y en la misma franja temporal en su integridad, con el respaldo de m\u00fasicos de sesi\u00f3n cuidadosamente elegidos, con los que Linares ya hab\u00eda tocado, bien en directo o en el estudio, dotando al trabajo de una consistencia que se evidencia en cada surco del disco. El \u00e1lbum se grab\u00f3 en Caracas en 1980 con lo mejor de lo mejor de la escena de salsa contempor\u00e1nea venezolana (miembros de Mango, Madera, El Trabuco Venezolano, Los Dementes, Los Mel\u00f3dicos, Dimensi\u00f3n Latina, Guaco y La Salsa Mayor) y publicado all\u00ed en el sello independiente A.L.G. Records bajo el t\u00edtulo de \u201c\u00a1Con Todo!\u201d. Un a\u00f1o m\u00e1s tarde lo editar\u00eda de nuevo una discogr\u00e1fica mucho mayor, Velvet Records, con portada diferente. El LP se edit\u00f3 tambi\u00e9n en Colombia (INS, 1982) y EEUU (Gallo, 1984), en ambos casos usando la portada de Velvet Records. En ese momento Linares llevaba ya 5 a\u00f1os en Venezuela, contratado por un club nocturno de Caracas. A ra\u00edz de acercarse a la escena salsera, se hizo amigo de la banda Mango e incluso particip\u00f3 como invitado en un disco suyo de 1976. Una vez acabado su contrato, Linares aprovech\u00f3 su libertad para juntar una banda de respaldo que usar\u00eda primero en la producci\u00f3n colombiano-venezolana \u201cSalsa de verdad\u201d (Fonodisco 1976) y de nuevo en \u201c\u00a1Con todo! Lo que tengo\u201d.<\/p>\n<p>Una de las caracter\u00edsticas m\u00e1s distintivas del estilo de Linares es el \u2018break\u2019 \u2014siempre hay un punto de inflexi\u00f3n en las canciones a base de palmas seguidas de una secci\u00f3n protagonizada por un tumbao explosivo que provoca escalofr\u00edos y hace que la pista de baile se vuelva loca. Adem\u00e1s Linares siempre permite que sus m\u00fasicos se explayen, especialmente en la secci\u00f3n percusiva. \u201cLo que tengo\u201d no es una excepci\u00f3n: hay m\u00faltiples ejemplos de lo que podr\u00edamos identificar como arreglos cl\u00e1sicos de Linares, pero puestos al d\u00eda gracias a poder contar con el sonido de un estudio en la Caracas de los 80, repleta de petrod\u00f3lares que permit\u00edan contar con la \u00faltima tecnolog\u00eda y con un mercado boyante de consumidores de salsa. El tema que da t\u00edtulo al disco (aunque aparecido originalmente como \u2018Lo que tengo que crear\u2019 en la edici\u00f3n venezolana) es del timbalero de Mango, Jos\u00e9 \u201cCheo\u201d Navarro, y resume la filosof\u00eda central de la carrera de Linares: el m\u00fasico vive cada d\u00eda de su vida para crear m\u00fasica, para repartir alegr\u00eda y para generar fiestas, sin m\u00e1s complicaciones, all\u00e1 a donde vaya. Con cinco cortes de salsa de ritmo perfecto, un chachach\u00e1 funky, un bolero vaporoso y un tema de latin jazz apto para el baile para rematar, este disco tiene de todo. Por suerte, los compradores de hoy pueden disfrutar de esta rareza por una \u00ednfima parte del precio de una copia original.<\/p>\n","protected":false},"excerpt":{"rendered":"<p><strong>Alfredo \u201cEl Inca\u201d Linares es uno de los m\u00e1s admirados y mejores m\u00fasicos en la historia de la salsa. A sus seguidores les encantan sus formas al piano por su aut\u00e9ntico toque cubano y por su swing combinados con arreglos modernos y fraseos sin concesiones comerciales.<\/strong><\/p>\n<p><strong>\u201cLo Que Tengo\u201d se grab\u00f3 en Caracas en 1980 con lo mejor de lo mejor de la escena de salsa contempor\u00e1nea venezolana (miembros de Mango, Madera, El Trabuco Venezolano, Los Dementes, Los Mel\u00f3dicos, Dimensi\u00f3n Latina, Guaco y La Salsa Mayor) y publicado all\u00ed en el sello independiente A.L.G. Records bajo el t\u00edtulo de \u201c\u00a1Con Todo!\u201d, y un a\u00f1o m\u00e1s tarde en una discogr\u00e1fica mucho m\u00e1s grande: Velvet Records, con portada distinta.<\/strong><\/p>\n<p><strong>Este es un \u00e1lbum cl\u00e1sico de Linares pero con el sonido actualizado de un estudio del Caracas de los 80. Con cinco cortes de salsa de ritmo perfecto, un chachach\u00e1 funky, un bolero vaporoso y un tema de latin jazz apto para el baile para rematar, este disco tiene de todo. Por suerte, los compradores de hoy pueden disfrutar de esta rareza por una \u00ednfima parte del precio de una copia original.<\/strong><\/p>\n<p><strong>Reedici\u00f3n presentada con el arte original y en prensaje de vinilo de 180gr.<\/strong><\/p>\n","protected":false},"featured_media":45493,"template":"","meta":{"_acf_changed":false},"product_brand":[],"product_cat":[195,193,206],"product_tag":[],"class_list":{"0":"post-45495","1":"product","2":"type-product","3":"status-publish","4":"has-post-thumbnail","6":"product_cat-colombia-en","7":"product_cat-latin-en","8":"product_cat-salsa-en","9":"pa_formato-lp-en","11":"first","12":"instock","13":"sale","14":"purchasable","15":"product-type-simple"},"acf":[],"_links":{"self":[{"href":"https:\/\/munster-records.com\/en\/wp-json\/wp\/v2\/product\/45495","targetHints":{"allow":["GET"]}}],"collection":[{"href":"https:\/\/munster-records.com\/en\/wp-json\/wp\/v2\/product"}],"about":[{"href":"https:\/\/munster-records.com\/en\/wp-json\/wp\/v2\/types\/product"}],"wp:featuredmedia":[{"embeddable":true,"href":"https:\/\/munster-records.com\/en\/wp-json\/wp\/v2\/media\/45493"}],"wp:attachment":[{"href":"https:\/\/munster-records.com\/en\/wp-json\/wp\/v2\/media?parent=45495"}],"wp:term":[{"taxonomy":"product_brand","embeddable":true,"href":"https:\/\/munster-records.com\/en\/wp-json\/wp\/v2\/product_brand?post=45495"},{"taxonomy":"product_cat","embeddable":true,"href":"https:\/\/munster-records.com\/en\/wp-json\/wp\/v2\/product_cat?post=45495"},{"taxonomy":"product_tag","embeddable":true,"href":"https:\/\/munster-records.com\/en\/wp-json\/wp\/v2\/product_tag?post=45495"}],"curies":[{"name":"wp","href":"https:\/\/api.w.org\/{rel}","templated":true}]}}