{"id":46755,"date":"2019-11-14T10:53:06","date_gmt":"2020-12-14T10:52:44","guid":{"rendered":"https:\/\/munster-records.com\/?post_type=product&#038;p=46755"},"modified":"2020-12-14T10:52:45","modified_gmt":"2020-12-14T10:52:45","slug":"america-invertida-2","status":"publish","type":"product","link":"https:\/\/munster-records.com\/en\/producto\/america-invertida-2\/","title":{"rendered":"Am\u00e9rica Invertida"},"content":{"rendered":"<p>Ambientes sonoros creados con sintetizadores, paisajes ac\u00fasticos, canci\u00f3n de autor y toques sutiles de percusi\u00f3n candombe se combinaban en buena parte de la producci\u00f3n musical de Uruguay en los 80s. Un sonido muy singular fue desarrollado por un peque\u00f1o grupo de artistas de enorme talento dentro de los l\u00edmites de Montevideo, la capital del pa\u00eds. Sus trabajos emanaban canci\u00f3n de autor (Eduardo Darnauchans, Fernando Cabrera, Estela Magnone), jazz fusi\u00f3n (La Escuelita de Hugo Fattoruso), sonidos experimentales (Hugo Jasa, Leo Masliah) y los puntos de encuentro entre todos estos mundos (Jaime Roos, Mariana Ingold).<\/p>\n<p>En \u201cAm\u00e9rica invertida\u201d los arreglos vocales et\u00e9reos y las guitarras ac\u00fasticas cohabitan con sintetizadores y cajas de ritmo; el candombe y el folk de Latinoam\u00e9rica se hermanan con la <em>new wave<\/em> y el <em>dream pop<\/em>.<\/p>\n<p>Sin embargo, la abrumadora producci\u00f3n musical de sus gigantescos vecinos, Brasil y Argentina, ensombrecieron todo intento de que esta peque\u00f1a escena trascendiera m\u00e1s all\u00e1 de su mercado local. Es ahora, d\u00e9cadas m\u00e1s tarde, cuando varios de estos discos han alcanzado estatus de culto entre un grupo de \u00e1vidos y discretos coleccionistas que tratan de hacerse con copias originales de estos t\u00edtulos, publicados en su d\u00eda en cantidades min\u00fasculas. No resulta extra\u00f1o, ya que la belleza atemporal de estas canciones permanece intacta a la vez que conserva la singularidad de un sonido resultante de m\u00faltiples encuentros culturales en las calles de Montevideo.<\/p>\n<p>Esta recopilaci\u00f3n, \u201cAm\u00e9rica invertida\u201d, revela parte de este mundo oculto, inclin\u00e1ndose hacia la cara m\u00e1s experimental de la canci\u00f3n de autor uruguaya de los 80s, tanto en su aspecto ac\u00fastico como electr\u00f3nico (con artistas que se mov\u00edan entre ambos universos), as\u00ed como tambi\u00e9n la fusi\u00f3n instrumental.<\/p>\n<p>Recopilado por el DJ y coleccionista Javi Bayo. Notas interiores a cargo del periodista uruguayo y experto musical Andr\u00e9s Torr\u00f3n.<\/p>\n","protected":false},"excerpt":{"rendered":"<p><strong>Ambientes sonoros creados con sintetizadores, paisajes ac\u00fasticos, canci\u00f3n de autor y toques sutiles de percusi\u00f3n candombe se combinaban en buena parte de la producci\u00f3n musical de Uruguay en los 80s. Un sonido muy singular fue desarrollado por un peque\u00f1o grupo de artistas de enorme talento dentro de los l\u00edmites de Montevideo. Su m\u00fasica emanaba canci\u00f3n de autor, jazz fusi\u00f3n, sonidos experimentales y los puntos de encuentro entre todos estos mundos.<\/strong><\/p>\n<p><strong>En \u201cAm\u00e9rica invertida\u201d los arreglos vocales et\u00e9reos y las guitarras ac\u00fasticas cohabitan con sintetizadores y cajas de ritmo; el candombe y el folk de Latinoam\u00e9rica se hermanan con la <em>new wave<\/em> y el <em>dream pop<\/em>.<\/strong><\/p>\n<p><strong>\u00a0<\/strong><strong>\u201cAm\u00e9rica Invertida\u201d viene presentado con obi, acabados premium en el arte de la portada y encarte que incluye notas extensas y fotos in\u00e9ditas. La mayor\u00eda de las canciones aparecen reeditadas aqu\u00ed por vez primera.<\/strong><\/p>\n","protected":false},"featured_media":46754,"template":"","meta":{"_acf_changed":false},"product_brand":[],"product_cat":[193,204],"product_tag":[],"class_list":{"0":"post-46755","1":"product","2":"type-product","3":"status-publish","4":"has-post-thumbnail","6":"product_cat-latin-en","7":"product_cat-pop-en-2","8":"product_shipping_class-lp-en","9":"pa_formato-lp-en","11":"first","12":"instock","13":"taxable","14":"shipping-taxable","15":"purchasable","16":"product-type-simple"},"acf":[],"_links":{"self":[{"href":"https:\/\/munster-records.com\/en\/wp-json\/wp\/v2\/product\/46755","targetHints":{"allow":["GET"]}}],"collection":[{"href":"https:\/\/munster-records.com\/en\/wp-json\/wp\/v2\/product"}],"about":[{"href":"https:\/\/munster-records.com\/en\/wp-json\/wp\/v2\/types\/product"}],"wp:featuredmedia":[{"embeddable":true,"href":"https:\/\/munster-records.com\/en\/wp-json\/wp\/v2\/media\/46754"}],"wp:attachment":[{"href":"https:\/\/munster-records.com\/en\/wp-json\/wp\/v2\/media?parent=46755"}],"wp:term":[{"taxonomy":"product_brand","embeddable":true,"href":"https:\/\/munster-records.com\/en\/wp-json\/wp\/v2\/product_brand?post=46755"},{"taxonomy":"product_cat","embeddable":true,"href":"https:\/\/munster-records.com\/en\/wp-json\/wp\/v2\/product_cat?post=46755"},{"taxonomy":"product_tag","embeddable":true,"href":"https:\/\/munster-records.com\/en\/wp-json\/wp\/v2\/product_tag?post=46755"}],"curies":[{"name":"wp","href":"https:\/\/api.w.org\/{rel}","templated":true}]}}