{"id":51031,"date":"2021-01-20T09:18:22","date_gmt":"2021-01-20T09:18:22","guid":{"rendered":"https:\/\/munster-records.com\/producto\/gozando\/"},"modified":"2026-02-06T23:07:05","modified_gmt":"2026-02-06T23:07:05","slug":"gozando","status":"publish","type":"product","link":"https:\/\/munster-records.com\/en\/producto\/gozando\/","title":{"rendered":"Gozando!!"},"content":{"rendered":"<p>Uno de los \u201csantos griales\u201d de la m\u00fasica cubana de los 60 no se grab\u00f3, produjo ni public\u00f3 en La Habana o Nueva York sino que fue en Lima, Per\u00fa, bajo circunstancias ciertamente inesperadas.<\/p>\n<p>El pianista Alfredo \u201cAlfredito\u201d Vald\u00e9s Jr. (31 de mayo, 1941, La Habana \u2013 23 de enero, 2016, Nueva York), una de las figuras m\u00e1s importantes de la m\u00fasica latina, ven\u00eda de una ilustre familia musical en Cuba. En 1956 emigr\u00f3 a Nueva York con su familia, convirti\u00e9ndose en uno de los pioneros de la salsa de ra\u00edz cubana en los Estados Unidos.<\/p>\n<p>Tres a\u00f1os despu\u00e9s, cumplidos los 18, Alfredito se uni\u00f3 al conjunto de Arsenio Rodr\u00edguez; ya en 1961 Ray Barretto le reclut\u00f3 para su Charanga La Moderna. Alfredito se mantuvo muy ocupado, estudiando m\u00fasica y literatura durante el d\u00eda y tocando por la noche con las bandas de Tito Puente y Machito adem\u00e1s de Arsenio y Barretto. Era r\u00e1pido leyendo y escribiendo m\u00fasica y mostraba una impresionante versatilidad y destreza al piano.<\/p>\n<p>Fue precisamente por esas aptitudes, combinadas con algo de suerte, por lo que Alfredito se vio sustituyendo al pianista de la formaci\u00f3n Machito and His Afro-Cubans en una gira que les llevar\u00eda a Colombia y Per\u00fa para dar una serie de conciertos en el invierno de 1964 y hasta comienzos del a\u00f1o siguiente. Una vez en Lima, surgieron varios problemas con el empresario argentino y promotor de la gira Mauricio T\u00e1mara quien en diciembre de 1964 se llev\u00f3 a Machito y los suyos a la capital peruana desasistiendo sus pagos y dej\u00e1ndoles sin dinero. El cu\u00f1ado y director musical de Machito, Mario Bauz\u00e1, tuvo que viajar a Nueva York para conseguir financiaci\u00f3n para la repatriaci\u00f3n de toda la banda; mientras tanto los m\u00fasicos ni siquiera ten\u00edan para comer. Terminaron estando atrapados en esta situaci\u00f3n durante un total de tres meses.<\/p>\n<p>En este contexto de circunstancias deprimentes y vergonzosas, el audaz Alfredito Vald\u00e9s Jr. fue capaz de convertir su m\u00fasica en dinero, en el sobrevenido nuevo hogar peruano. Tras advertir a sus compa\u00f1eros, \u201cyo no me voy a morir de hambre\u201d, Alfredito comenz\u00f3 a explorar las calles de Lima en busca de discogr\u00e1ficas. Por suerte, fue capaz de conectar con el gusto musical de Miguel \u00c1ngel Guerrero, ingeniero de sonido y propietario de Discos MAG, con quien lleg\u00f3 a un acuerdo para la grabaci\u00f3n de varias sesiones (a un precio irrisorio, pero ganar algo de dinero siempre era mejor que no ganar nada!), que eventualmente se tradujo en la producci\u00f3n de dos \u00e1lbumes completos, el primero de los cuales fue \u201cGozando!!\u201d.<\/p>\n<p>Alfredito jug\u00f3 m\u00faltiples papeles en este trabajo: arreglista, pianista, percusionista, cantante y director (adem\u00e1s de elegir la mayor\u00eda del material). Posiblemente, debido al hecho de estar grabado en Sudam\u00e9rica, \u201cGozando!!\u201d presenta m\u00e1s estilos que simplemente los g\u00e9neros cubanos y neoyorquinos como la pachanga, mambo, descarga, guaracha y bolero; hay tambi\u00e9n una versi\u00f3n fant\u00e1stica de la cl\u00e1sica cumbia \u2018Tabaquera\u2019.<\/p>\n<p>En general podr\u00eda decirse que las sesiones para MAG suenan como si fueran de un disco perdido de Cachao y Tito Puente liderando una orquesta con Charlie Palmieri al piano y Tito Rodr\u00edguez como cantante (y tocando pachangas como \u2018From Flute to Boot\u2019 de Machito y sus Afro-Cubans).La banda pudo pagar finalmente sus gastos y volver a los Estados Unidos en febrero de 1965.<\/p>\n<p>Aunque en su d\u00eda estas sesiones de Al Valdez y su Conjunto pudieron ser disfrutadas por algunos aficionados sudamericanos y mexicanos, la rareza y oscuridad de las ediciones hicieron que se convirtieran en \u201cdiscos perdidos legendarios\u201d raramente escuchados hasta tiempos recientes, cando los archivos de MAG se abrieron y las reediciones comenzaron a publicarse. Siendo siempre una pieza de coleccionista de extrema rareza, \u201cGozando!!\u201d estar\u00e1 ahora disponible al alcance de una amplio p\u00fablico de amantes del vinilo a trav\u00e9s de esta primer\u00edsima y cuidada reproducci\u00f3n.<\/p>\n","protected":false},"excerpt":{"rendered":"<p><strong>Uno de los \u201csantos griales\u201d de la m\u00fasica cubana de los 60 no se grab\u00f3, produjo ni public\u00f3 en La Habana o Nueva York sino que fue en Lima, Per\u00fa, bajo circunstancias ciertamente inesperadas.<\/strong><\/p>\n<p><strong>Posiblemente, debido al hecho de estar grabado en Sudam\u00e9rica, \u201cGozando!!\u201d presenta m\u00e1s estilos que simplemente los g\u00e9neros cubanos y neoyorquinos como la pachanga, mambo, descarga, guaracha y bolero; hay tambi\u00e9n una versi\u00f3n fant\u00e1stica de la cl\u00e1sica cumbia \u2018Tabaquera\u2019.<\/strong><\/p>\n<p><strong>En general podr\u00eda decirse que las sesiones para MAG suenan como si fueran de un disco perdido de Cachao y Tito Puente liderando una orquesta con Charlie Palmieri al piano y Tito Rodr\u00edguez como cantante.<\/strong><\/p>\n<p><strong>\u00a0<\/strong><strong>Siendo siempre una pieza de coleccionista de extrema rareza, \u201cGozando!!\u201d estar\u00e1 ahora disponible al alcance de una amplio p\u00fablico de amantes del vinilo a trav\u00e9s de esta primer\u00edsima y cuidada reproducci\u00f3n.<\/strong><\/p>\n","protected":false},"featured_media":108215,"template":"","meta":{"_acf_changed":false},"product_brand":[],"product_cat":[193],"product_tag":[],"class_list":{"0":"post-51031","1":"product","2":"type-product","3":"status-publish","4":"has-post-thumbnail","6":"product_cat-latin-en","7":"product_shipping_class-lp-lp-7-lp-cd","8":"pa_formato-lp-en","10":"first","11":"outofstock","12":"sale","13":"taxable","14":"shipping-taxable","15":"purchasable","16":"product-type-simple"},"acf":[],"_links":{"self":[{"href":"https:\/\/munster-records.com\/en\/wp-json\/wp\/v2\/product\/51031","targetHints":{"allow":["GET"]}}],"collection":[{"href":"https:\/\/munster-records.com\/en\/wp-json\/wp\/v2\/product"}],"about":[{"href":"https:\/\/munster-records.com\/en\/wp-json\/wp\/v2\/types\/product"}],"wp:featuredmedia":[{"embeddable":true,"href":"https:\/\/munster-records.com\/en\/wp-json\/wp\/v2\/media\/108215"}],"wp:attachment":[{"href":"https:\/\/munster-records.com\/en\/wp-json\/wp\/v2\/media?parent=51031"}],"wp:term":[{"taxonomy":"product_brand","embeddable":true,"href":"https:\/\/munster-records.com\/en\/wp-json\/wp\/v2\/product_brand?post=51031"},{"taxonomy":"product_cat","embeddable":true,"href":"https:\/\/munster-records.com\/en\/wp-json\/wp\/v2\/product_cat?post=51031"},{"taxonomy":"product_tag","embeddable":true,"href":"https:\/\/munster-records.com\/en\/wp-json\/wp\/v2\/product_tag?post=51031"}],"curies":[{"name":"wp","href":"https:\/\/api.w.org\/{rel}","templated":true}]}}