{"id":51101,"date":"2020-10-03T10:11:27","date_gmt":"2020-10-03T10:11:27","guid":{"rendered":"https:\/\/munster-records.com\/?post_type=product&#038;p=51101"},"modified":"2021-02-23T12:47:50","modified_gmt":"2021-02-23T12:47:50","slug":"alegrias","status":"publish","type":"product","link":"https:\/\/munster-records.com\/en\/producto\/alegrias\/","title":{"rendered":"Alegr\u00edas"},"content":{"rendered":"<p class=\"p1\">Ten years have passed since the release of this album and it has not lost its validity. &#8220;Alegr\u00edas&#8221; by Howe Gelb &amp; A Band of Gypsies doesn\u00b4t sound like anything you\u00b4ve heard before. While maintaining the Arizona desert flavor that Howe was working with over the years, his sound takes on new nuances as it merges with flamenco beats. On this album, Howe explores unknown<br \/>\nterritories halfway between American roots, southern and border rock, and the purest flamenco.<\/p>\n<p class=\"p1\">As Howe said in many times while he was living in the desert, the only three tapes he listened to in his car were: Tom Waits, Miles Davis and Tomatito. Many years later, an unexpected combination of chance and destiny transported him to the south of Spain, specifically to C\u00f3rdoba. There, in the newly opened Eureka studios, he found the perfect atmosphere to launch his new project with a friend, Fernando Vacas. The echoes of Tomatito and the passion that C\u00f3rdoba inspired in Howe Gelb are forces behind the album. Covered by musicians from C\u00f3rdoba, among Raimundo Amador&#8217;s regular collaborators such as Lin Cort\u00e9s (flamenco guitar), Juan Panki (flamenco guitar) or A\u00f1il Fern\u00e1ndez (cajon) and his classic double bass of Torgue Lund, the album began to take shape in the endless rehearsals. Gelb&#8217;s voice instantly seduced the Andalusian musicians and after several meetings, the one from Tucson began to write the first lyrics of the album, inspired by the intensity of the sessions.<\/p>\n<p class=\"p1\">As a culmination, the appearance of Raimundo Amador, who decided to join the project by contributing his virtuous and inimitable touch from which musicians such as Bj\u00f6rk and BB King have already benefited. Proof of this is the ravishing intro to &#8220;Cowboy boots on Cobble Stones&#8221;, full of groan and feeling where he demonstrates his talent for improvisation. After the album was finished, the leader of Giant Sand suggested the collaboration of his friend John Parish, an English musician and producer, known for his work with Pj Harvey. Fernando Vacas accepted the challenge and traveled to Bristol to mix the songs with Parish. The chemistry continued to flow and the result is an album that preserves the flavor of the two traditions that it fuses, both southern roots from both sides of the Atlantic, while discovering a new and unique way of interpreting them. &#8220;Alegr\u00edas&#8221;: Evolution.<\/p>\n<p class=\"p1\">The meeting by Joan Vich who introduced Howe Gelb to Fernando Vacas made sense. Alegr\u00edas is beauty, music and friends.<\/p>\n<p class=\"p1\">This year is the tenth anniversary of this roots and flamenco classic. Today we are happy to celebrate this anniversary that smells like a new meeting.<\/p>\n","protected":false},"excerpt":{"rendered":"<p class=\"p1\"><b>10th Anniversary of the record that united flamenco with alternative American rock.<\/b><\/p>\n<p class=\"p1\"><b>Luxury collaborations: Raimundo Amador, Fernando Vacas, John Parish and C\u00f3rdoba musicians Lin Cort\u00e9s, A\u00f1il Fern\u00e1ndez and Juan F. Panky.<\/b><\/p>\n<p class=\"p1\"><b>This top re-issue contains a poster, 10 vintage C\u00f3rdoba postcards and digital download with bonus tracks.<\/b><\/p>\n<p class=\"p1\"><b>Cover artwork is by the artist Julio Romero de Torres.<span class=\"Apple-converted-space\">\u00a0<\/span><\/b><\/p>\n","protected":false},"featured_media":51097,"template":"","meta":{"_acf_changed":false},"product_brand":[],"product_cat":[213,223],"product_tag":[],"class_list":{"0":"post-51101","1":"product","2":"type-product","3":"status-publish","4":"has-post-thumbnail","6":"product_cat-flamenco-en","7":"product_cat-pop-en-4","8":"product_shipping_class-lp-en-4","9":"product_shipping_class-lp-lp-7-lp-cd","10":"pa_formato-lp-color-en","12":"first","13":"outofstock","14":"sale","15":"taxable","16":"shipping-taxable","17":"purchasable","18":"product-type-simple"},"acf":[],"_links":{"self":[{"href":"https:\/\/munster-records.com\/en\/wp-json\/wp\/v2\/product\/51101","targetHints":{"allow":["GET"]}}],"collection":[{"href":"https:\/\/munster-records.com\/en\/wp-json\/wp\/v2\/product"}],"about":[{"href":"https:\/\/munster-records.com\/en\/wp-json\/wp\/v2\/types\/product"}],"wp:featuredmedia":[{"embeddable":true,"href":"https:\/\/munster-records.com\/en\/wp-json\/wp\/v2\/media\/51097"}],"wp:attachment":[{"href":"https:\/\/munster-records.com\/en\/wp-json\/wp\/v2\/media?parent=51101"}],"wp:term":[{"taxonomy":"product_brand","embeddable":true,"href":"https:\/\/munster-records.com\/en\/wp-json\/wp\/v2\/product_brand?post=51101"},{"taxonomy":"product_cat","embeddable":true,"href":"https:\/\/munster-records.com\/en\/wp-json\/wp\/v2\/product_cat?post=51101"},{"taxonomy":"product_tag","embeddable":true,"href":"https:\/\/munster-records.com\/en\/wp-json\/wp\/v2\/product_tag?post=51101"}],"curies":[{"name":"wp","href":"https:\/\/api.w.org\/{rel}","templated":true}]}}