{"id":53018,"date":"2021-03-11T09:47:58","date_gmt":"2021-03-11T09:52:06","guid":{"rendered":"https:\/\/munster-records.com\/?post_type=product&#038;p=53018"},"modified":"2026-02-06T23:07:04","modified_gmt":"2026-02-06T23:07:04","slug":"pajaros-electricos","status":"publish","type":"product","link":"https:\/\/munster-records.com\/en\/producto\/pajaros-electricos\/","title":{"rendered":"P\u00e1jaros el\u00e9ctricos"},"content":{"rendered":"<p>Few musicians can boast of having played with \u201cthe greatest\u201d without some eyebrows to be raised. The bass of Adalberto Cevasco has been heard in multiple concerts and recording sessions of artists as diverse as the Spanish divas Roc\u00edo Jurado and Isabel Pantoja, tango genius Astor Piazzolla or the cream of the Argentine jazz scene \u2013from Pocho Lapouble, Gustavo Kerestezachi, Rub\u00e9n L\u00f3pez Furst or Andr\u00e9s Boiarsky to the great Gato Barbieri\u2013 With the latter, as part of a dream band that included artists like Nana Vasconcelos as well as other Argentines such as Lapouble or Domingo Cura, he recorded two fundamental pieces in the Impulse! label catalogue in sessions held in Argentina and Los Angeles and also toured across various countries. The daily sold-out shows at the Regina Theater in Buenos Aires and their overwhelming performance at Montreux Festival are still well remembered. It is therefore out of question that Adalberto Cevasco belongs to that top-level league of musicians whose talent has also contributed to enhance those who accompany them.<\/p>\n<p>The history of this album begins with an encounter. Adalberto Cevasco joins Rodolfo Alchurr\u00f3n\u2019s jazz-funk project Sanata y Clarificaci\u00f3n as bassist and meets Litto Nebbia, who is invited to sing along. Some years on, when Nebbia\u2019s Melopea record company was developing, he would receive a cassette with a collection of demos recorded by Cevasco over the years. Some of the songs dated back to 1981 while others were made well into the decade and included such outstanding collaborations as that of the Uruguayan Rub\u00e9n Rada, whom Adalberto Cevasco had met playing in a group of fusion candombe called Candonga. In addition to producing the complete album, Nebbia would also collaborate in a special way in one of the most outstanding tracks (Reencuentros N\u00ba2) by adding to Cevasco\u2019s fusion jazz some unexpected Brazilian flavours and electronic sounds that now, more than 30 years after the original release of the album, they still evoke a refreshing feel of modernity.<\/p>\n<p>As the Argentine press of the moment highlighted, it\u2019d seem as if the influences received and developed by the bassist during his career as a freelance musician \u2013 from post-Piazzolla tango to proyecci\u00f3n folcl\u00f3rica (a movement of revision and modernization of the Argentinian musical roots) \u2013 had been added to their superb rhythmic work in this album. \u201cP\u00e1jaros El\u00e9ctricos\u201d was never presented live and has remained as the only published work by Cevasco as a soloist since the date of its release.<\/p>\n","protected":false},"excerpt":{"rendered":"<p><strong>Former member of Rodolfo Alchourr\u00f3n and Gato Barbieri\u2019s bands, Cevasco\u2019s first solo effort is a combination of fusion jazz with a pinch of unexpected Brazilian flavours and electronic sounds that now, more than 30 years after the original release of the album, still evoke a refreshing feel of modernity in the same vein as many other experimental Argentine and Uruguayan artists from the same era.<\/strong><\/p>\n<p>Includes guest appearances from artists such as Litto Nebbia or Ruben Rada.<\/p>\n<p><strong>Reissued on vinyl for the first time, including insert with liner notes and previously unseen photos.<\/strong><\/p>\n","protected":false},"featured_media":53017,"template":"","meta":{"_acf_changed":false},"product_brand":[],"product_cat":[15,193],"product_tag":[],"class_list":{"0":"post-53018","1":"product","2":"type-product","3":"status-publish","4":"has-post-thumbnail","6":"product_cat-jazz","7":"product_cat-latin-en","8":"product_shipping_class-lp-lp-7-lp-cd","9":"pa_formato-lp-en","11":"first","12":"instock","13":"sale","14":"taxable","15":"shipping-taxable","16":"purchasable","17":"product-type-variable","18":"has-default-attributes"},"acf":[],"_links":{"self":[{"href":"https:\/\/munster-records.com\/en\/wp-json\/wp\/v2\/product\/53018","targetHints":{"allow":["GET"]}}],"collection":[{"href":"https:\/\/munster-records.com\/en\/wp-json\/wp\/v2\/product"}],"about":[{"href":"https:\/\/munster-records.com\/en\/wp-json\/wp\/v2\/types\/product"}],"wp:featuredmedia":[{"embeddable":true,"href":"https:\/\/munster-records.com\/en\/wp-json\/wp\/v2\/media\/53017"}],"wp:attachment":[{"href":"https:\/\/munster-records.com\/en\/wp-json\/wp\/v2\/media?parent=53018"}],"wp:term":[{"taxonomy":"product_brand","embeddable":true,"href":"https:\/\/munster-records.com\/en\/wp-json\/wp\/v2\/product_brand?post=53018"},{"taxonomy":"product_cat","embeddable":true,"href":"https:\/\/munster-records.com\/en\/wp-json\/wp\/v2\/product_cat?post=53018"},{"taxonomy":"product_tag","embeddable":true,"href":"https:\/\/munster-records.com\/en\/wp-json\/wp\/v2\/product_tag?post=53018"}],"curies":[{"name":"wp","href":"https:\/\/api.w.org\/{rel}","templated":true}]}}