{"id":53267,"date":"2021-01-25T11:07:58","date_gmt":"2021-03-25T11:07:58","guid":{"rendered":"https:\/\/munster-records.com\/producto\/pack-new-tropical-bands\/"},"modified":"2026-02-06T23:07:04","modified_gmt":"2026-02-06T23:07:04","slug":"pack-new-tropical-bands","status":"publish","type":"product","link":"https:\/\/munster-records.com\/en\/producto\/pack-new-tropical-bands\/","title":{"rendered":"Pack NEW TROPICAL BANDS"},"content":{"rendered":"<p>Our new CD-bundle includes a broad array of Tropical sounds, just perfect for the incoming Spring season!<\/p>\n<p>\u201cEcho en Mexico\u201d is the debut album by Austin\u2019s Money Chicha, featuring members of the Grammy-award winning Latin orchestra Grupo Fantasma, rep chicha music, blending in their own touches of extra fuzz and raging percussion. From Colombia, Los Pira\u00f1as unveil an uninhibited, frenetic and noisy study on the psychedelic connections between champeta, Afrobeat, rock and cumbia, featuring members of Frente Cumbiero and Meridian Brothers. This 5-CD package also includes the salsa sounds of Bio Ritmo, a Richmond based orchestra recognized around the globe for their innovative songwriting and for pioneering the \u2018indie\u2019 salsa movement, and \u201cSalsa Bestial\u201d, a selection of tracks from Borinquen Orquesta El Macabeo\u2019s two first albums. To round off the offering, \u201cEscaldante Banda\u201d is a slice of garage-rock-influenced soul music with scorching guitar solos, horns and ass shaking rhythms recorded by Brazilian combo Garotas Suecas combining the best elements of their country\u2019s homegrown tropicalia with Anglo-American soul and freakbeat.<br \/>\nThis 5-CD bundle is now available in limited quantities for just 9\u20ac.<\/p>\n","protected":false},"excerpt":{"rendered":"<p><strong>MONEY CHICHA &#8220;Echo en M\u00e9xico&#8221; &#8211; LOS PIRA\u00d1AS &#8220;Toma tu jab\u00f3n Kapax&#8221; &#8211; BIO RITMO &#8220;Puerta del Sur&#8221; &#8211; ORQUESTA EL MACABEO &#8220;Salsa Bestial&#8221; &#8211; GAROTAS SUECAS &#8220;Escaldante Banda&#8221;<\/strong><\/p>\n","protected":false},"featured_media":53265,"template":"","meta":{"_acf_changed":false},"product_brand":[],"product_cat":[63,193],"product_tag":[],"class_list":{"0":"post-53267","1":"product","2":"type-product","3":"status-publish","4":"has-post-thumbnail","6":"product_cat-brazil-en","7":"product_cat-latin-en","8":"product_shipping_class-lp-lp-7-lp-cd","10":"first","11":"outofstock","12":"taxable","13":"shipping-taxable","14":"purchasable","15":"product-type-variable","16":"has-default-attributes"},"acf":[],"_links":{"self":[{"href":"https:\/\/munster-records.com\/en\/wp-json\/wp\/v2\/product\/53267","targetHints":{"allow":["GET"]}}],"collection":[{"href":"https:\/\/munster-records.com\/en\/wp-json\/wp\/v2\/product"}],"about":[{"href":"https:\/\/munster-records.com\/en\/wp-json\/wp\/v2\/types\/product"}],"wp:featuredmedia":[{"embeddable":true,"href":"https:\/\/munster-records.com\/en\/wp-json\/wp\/v2\/media\/53265"}],"wp:attachment":[{"href":"https:\/\/munster-records.com\/en\/wp-json\/wp\/v2\/media?parent=53267"}],"wp:term":[{"taxonomy":"product_brand","embeddable":true,"href":"https:\/\/munster-records.com\/en\/wp-json\/wp\/v2\/product_brand?post=53267"},{"taxonomy":"product_cat","embeddable":true,"href":"https:\/\/munster-records.com\/en\/wp-json\/wp\/v2\/product_cat?post=53267"},{"taxonomy":"product_tag","embeddable":true,"href":"https:\/\/munster-records.com\/en\/wp-json\/wp\/v2\/product_tag?post=53267"}],"curies":[{"name":"wp","href":"https:\/\/api.w.org\/{rel}","templated":true}]}}